{"id":2345,"date":"2023-06-01T21:19:10","date_gmt":"2023-06-02T01:19:10","guid":{"rendered":"https:\/\/comercial.3v.cl\/?post_type=product&#038;p=2345"},"modified":"2026-03-24T09:02:53","modified_gmt":"2026-03-24T12:02:53","slug":"extintor-co2-2-kg","status":"publish","type":"product","link":"https:\/\/3v.cl\/comercial\/extintor-co2-2-kg\/","title":{"rendered":"Extintor Co2 De 2Kg."},"content":{"rendered":"<p><strong>Caracter\u00edsticas:<\/strong><\/p>\n<p>Indicado contra incendios clase &#8216;BC&#8217;. Este extintor puede ser utilizado en l\u00edquidos y gases inflamables y equipos energizados. No es conductor de electricidad, extingue el fuego desplazando el ox\u00edgeno. Se recomienda su uso en industrias, embarcaciones medianas, miner\u00eda, bodegas, oficinas, bencineras, empresas que tengan m\u00e1quinas o equipos el\u00e9ctricos, etc. Cantidad seg\u00fan carga de combustible.<\/p>\n","protected":false},"excerpt":{"rendered":"<p>Extintor Co2 De 2Kg.<\/p>\n<p>Valor iva.<\/p>\n<p><strong>*Imagen Referencial<\/strong><\/p>\n","protected":false},"featured_media":5201,"comment_status":"open","ping_status":"closed","template":"","meta":{"_uag_custom_page_level_css":"","site-sidebar-layout":"default","site-content-layout":"default","ast-site-content-layout":"default","site-content-style":"default","site-sidebar-style":"default","ast-global-header-display":"","ast-banner-title-visibility":"","ast-main-header-display":"","ast-hfb-above-header-display":"","ast-hfb-below-header-display":"","ast-hfb-mobile-header-display":"","site-post-title":"","ast-breadcrumbs-content":"","ast-featured-img":"","footer-sml-layout":"","ast-disable-related-posts":"","theme-transparent-header-meta":"default","adv-header-id-meta":"","stick-header-meta":"","header-above-stick-meta":"","header-main-stick-meta":"","header-below-stick-meta":"","astra-migrate-meta-layouts":"default","ast-page-background-enabled":"default","ast-page-background-meta":{"desktop":{"background-color":"var(--ast-global-color-4)","background-image":"","background-repeat":"repeat","background-position":"center center","background-size":"auto","background-attachment":"scroll","background-type":"","background-media":"","overlay-type":"","overlay-color":"","overlay-opacity":"","overlay-gradient":""},"tablet":{"background-color":"","background-image":"","background-repeat":"repeat","background-position":"center center","background-size":"auto","background-attachment":"scroll","background-type":"","background-media":"","overlay-type":"","overlay-color":"","overlay-opacity":"","overlay-gradient":""},"mobile":{"background-color":"","background-image":"","background-repeat":"repeat","background-position":"center center","background-size":"auto","background-attachment":"scroll","background-type":"","background-media":"","overlay-type":"","overlay-color":"","overlay-opacity":"","overlay-gradient":""}},"ast-content-background-meta":{"desktop":{"background-color":"var(--ast-global-color-5)","background-image":"","background-repeat":"repeat","background-position":"center center","background-size":"auto","background-attachment":"scroll","background-type":"","background-media":"","overlay-type":"","overlay-color":"","overlay-opacity":"","overlay-gradient":""},"tablet":{"background-color":"var(--ast-global-color-5)","background-image":"","background-repeat":"repeat","background-position":"center center","background-size":"auto","background-attachment":"scroll","background-type":"","background-media":"","overlay-type":"","overlay-color":"","overlay-opacity":"","overlay-gradient":""},"mobile":{"background-color":"var(--ast-global-color-5)","background-image":"","background-repeat":"repeat","background-position":"center center","background-size":"auto","background-attachment":"scroll","background-type":"","background-media":"","overlay-type":"","overlay-color":"","overlay-opacity":"","overlay-gradient":""}}},"product_brand":[],"product_cat":[230],"product_tag":[],"class_list":{"0":"post-2345","1":"product","2":"type-product","3":"status-publish","4":"has-post-thumbnail","6":"product_cat-extincion-de-incendios","7":"desktop-align-left","8":"tablet-align-left","9":"mobile-align-left","11":"first","12":"instock","13":"taxable","14":"shipping-taxable","15":"purchasable","16":"product-type-simple"},"yoast_head":"<!-- This site is optimized with the Yoast SEO plugin v27.3 - https:\/\/yoast.com\/product\/yoast-seo-wordpress\/ -->\n<title>Extintor Co2 De 2Kg. - 3V Comercial<\/title>\n<meta name=\"robots\" content=\"index, follow, max-snippet:-1, max-image-preview:large, max-video-preview:-1\" \/>\n<link rel=\"canonical\" href=\"https:\/\/3v.cl\/comercial\/extintor-co2-2-kg\/\" \/>\n<meta property=\"og:locale\" content=\"es_ES\" \/>\n<meta property=\"og:type\" content=\"article\" \/>\n<meta property=\"og:title\" content=\"Extintor Co2 De 2Kg. - 3V Comercial\" \/>\n<meta property=\"og:description\" content=\"Extintor Co2 De 2Kg.  Valor iva. *Imagen Referencial\" \/>\n<meta property=\"og:url\" content=\"https:\/\/3v.cl\/comercial\/extintor-co2-2-kg\/\" \/>\n<meta property=\"og:site_name\" content=\"3V Comercial\" \/>\n<meta property=\"article:modified_time\" content=\"2026-03-24T12:02:53+00:00\" \/>\n<meta property=\"og:image\" content=\"https:\/\/3v.cl\/comercial\/wp-content\/uploads\/2023\/06\/Extintor-CO2-de-2Kg.-min.jpg\" \/>\n\t<meta property=\"og:image:width\" content=\"1000\" \/>\n\t<meta property=\"og:image:height\" content=\"1000\" \/>\n\t<meta property=\"og:image:type\" content=\"image\/jpeg\" \/>\n<meta name=\"twitter:card\" content=\"summary_large_image\" \/>\n<script type=\"application\/ld+json\" class=\"yoast-schema-graph\">{\"@context\":\"https:\\\/\\\/schema.org\",\"@graph\":[{\"@type\":\"WebPage\",\"@id\":\"https:\\\/\\\/3v.cl\\\/comercial\\\/extintor-co2-2-kg\\\/\",\"url\":\"https:\\\/\\\/3v.cl\\\/comercial\\\/extintor-co2-2-kg\\\/\",\"name\":\"Extintor Co2 De 2Kg. - 3V Comercial\",\"isPartOf\":{\"@id\":\"https:\\\/\\\/3v.cl\\\/comercial\\\/#website\"},\"primaryImageOfPage\":{\"@id\":\"https:\\\/\\\/3v.cl\\\/comercial\\\/extintor-co2-2-kg\\\/#primaryimage\"},\"image\":{\"@id\":\"https:\\\/\\\/3v.cl\\\/comercial\\\/extintor-co2-2-kg\\\/#primaryimage\"},\"thumbnailUrl\":\"https:\\\/\\\/3v.cl\\\/comercial\\\/wp-content\\\/uploads\\\/2023\\\/06\\\/Extintor-CO2-de-2Kg.-min.jpg\",\"datePublished\":\"2023-06-02T01:19:10+00:00\",\"dateModified\":\"2026-03-24T12:02:53+00:00\",\"breadcrumb\":{\"@id\":\"https:\\\/\\\/3v.cl\\\/comercial\\\/extintor-co2-2-kg\\\/#breadcrumb\"},\"inLanguage\":\"es\",\"potentialAction\":[{\"@type\":\"ReadAction\",\"target\":[\"https:\\\/\\\/3v.cl\\\/comercial\\\/extintor-co2-2-kg\\\/\"]}]},{\"@type\":\"ImageObject\",\"inLanguage\":\"es\",\"@id\":\"https:\\\/\\\/3v.cl\\\/comercial\\\/extintor-co2-2-kg\\\/#primaryimage\",\"url\":\"https:\\\/\\\/3v.cl\\\/comercial\\\/wp-content\\\/uploads\\\/2023\\\/06\\\/Extintor-CO2-de-2Kg.-min.jpg\",\"contentUrl\":\"https:\\\/\\\/3v.cl\\\/comercial\\\/wp-content\\\/uploads\\\/2023\\\/06\\\/Extintor-CO2-de-2Kg.-min.jpg\",\"width\":1000,\"height\":1000},{\"@type\":\"BreadcrumbList\",\"@id\":\"https:\\\/\\\/3v.cl\\\/comercial\\\/extintor-co2-2-kg\\\/#breadcrumb\",\"itemListElement\":[{\"@type\":\"ListItem\",\"position\":1,\"name\":\"Inicio\",\"item\":\"https:\\\/\\\/3v.cl\\\/comercial\\\/\"},{\"@type\":\"ListItem\",\"position\":2,\"name\":\"Productos\",\"item\":\"https:\\\/\\\/3v.cl\\\/comercial\\\/shop\\\/\"},{\"@type\":\"ListItem\",\"position\":3,\"name\":\"Extinci\u00f3n de Incendios\",\"item\":\"https:\\\/\\\/3v.cl\\\/comercial\\\/categoria-producto\\\/extincion-de-incendios\\\/\"},{\"@type\":\"ListItem\",\"position\":4,\"name\":\"Extintor Co2 De 2Kg.\"}]},{\"@type\":\"WebSite\",\"@id\":\"https:\\\/\\\/3v.cl\\\/comercial\\\/#website\",\"url\":\"https:\\\/\\\/3v.cl\\\/comercial\\\/\",\"name\":\"3V Comercial\",\"description\":\"Productos industriales y Miner\u00eda.\",\"publisher\":{\"@id\":\"https:\\\/\\\/3v.cl\\\/comercial\\\/#organization\"},\"alternateName\":\"3V\",\"potentialAction\":[{\"@type\":\"SearchAction\",\"target\":{\"@type\":\"EntryPoint\",\"urlTemplate\":\"https:\\\/\\\/3v.cl\\\/comercial\\\/?s={search_term_string}\"},\"query-input\":{\"@type\":\"PropertyValueSpecification\",\"valueRequired\":true,\"valueName\":\"search_term_string\"}}],\"inLanguage\":\"es\"},{\"@type\":\"Organization\",\"@id\":\"https:\\\/\\\/3v.cl\\\/comercial\\\/#organization\",\"name\":\"Valenzuela y Valenzuela Ltda.\",\"alternateName\":\"3V Comercial\",\"url\":\"https:\\\/\\\/3v.cl\\\/comercial\\\/\",\"logo\":{\"@type\":\"ImageObject\",\"inLanguage\":\"es\",\"@id\":\"https:\\\/\\\/3v.cl\\\/comercial\\\/#\\\/schema\\\/logo\\\/image\\\/\",\"url\":\"https:\\\/\\\/i0.wp.com\\\/3v.cl\\\/comercial\\\/wp-content\\\/uploads\\\/2024\\\/11\\\/3v_Circular-2.jpg?fit=146%2C146&ssl=1\",\"contentUrl\":\"https:\\\/\\\/i0.wp.com\\\/3v.cl\\\/comercial\\\/wp-content\\\/uploads\\\/2024\\\/11\\\/3v_Circular-2.jpg?fit=146%2C146&ssl=1\",\"width\":146,\"height\":146,\"caption\":\"Valenzuela y Valenzuela Ltda.\"},\"image\":{\"@id\":\"https:\\\/\\\/3v.cl\\\/comercial\\\/#\\\/schema\\\/logo\\\/image\\\/\"}}]}<\/script>\n<!-- \/ Yoast SEO plugin. -->","yoast_head_json":{"title":"Extintor Co2 De 2Kg. - 3V Comercial","robots":{"index":"index","follow":"follow","max-snippet":"max-snippet:-1","max-image-preview":"max-image-preview:large","max-video-preview":"max-video-preview:-1"},"canonical":"https:\/\/3v.cl\/comercial\/extintor-co2-2-kg\/","og_locale":"es_ES","og_type":"article","og_title":"Extintor Co2 De 2Kg. - 3V Comercial","og_description":"Extintor Co2 De 2Kg.  Valor iva. *Imagen Referencial","og_url":"https:\/\/3v.cl\/comercial\/extintor-co2-2-kg\/","og_site_name":"3V Comercial","article_modified_time":"2026-03-24T12:02:53+00:00","og_image":[{"width":1000,"height":1000,"url":"https:\/\/3v.cl\/comercial\/wp-content\/uploads\/2023\/06\/Extintor-CO2-de-2Kg.-min.jpg","type":"image\/jpeg"}],"twitter_card":"summary_large_image","schema":{"@context":"https:\/\/schema.org","@graph":[{"@type":"WebPage","@id":"https:\/\/3v.cl\/comercial\/extintor-co2-2-kg\/","url":"https:\/\/3v.cl\/comercial\/extintor-co2-2-kg\/","name":"Extintor Co2 De 2Kg. - 3V Comercial","isPartOf":{"@id":"https:\/\/3v.cl\/comercial\/#website"},"primaryImageOfPage":{"@id":"https:\/\/3v.cl\/comercial\/extintor-co2-2-kg\/#primaryimage"},"image":{"@id":"https:\/\/3v.cl\/comercial\/extintor-co2-2-kg\/#primaryimage"},"thumbnailUrl":"https:\/\/3v.cl\/comercial\/wp-content\/uploads\/2023\/06\/Extintor-CO2-de-2Kg.-min.jpg","datePublished":"2023-06-02T01:19:10+00:00","dateModified":"2026-03-24T12:02:53+00:00","breadcrumb":{"@id":"https:\/\/3v.cl\/comercial\/extintor-co2-2-kg\/#breadcrumb"},"inLanguage":"es","potentialAction":[{"@type":"ReadAction","target":["https:\/\/3v.cl\/comercial\/extintor-co2-2-kg\/"]}]},{"@type":"ImageObject","inLanguage":"es","@id":"https:\/\/3v.cl\/comercial\/extintor-co2-2-kg\/#primaryimage","url":"https:\/\/3v.cl\/comercial\/wp-content\/uploads\/2023\/06\/Extintor-CO2-de-2Kg.-min.jpg","contentUrl":"https:\/\/3v.cl\/comercial\/wp-content\/uploads\/2023\/06\/Extintor-CO2-de-2Kg.-min.jpg","width":1000,"height":1000},{"@type":"BreadcrumbList","@id":"https:\/\/3v.cl\/comercial\/extintor-co2-2-kg\/#breadcrumb","itemListElement":[{"@type":"ListItem","position":1,"name":"Inicio","item":"https:\/\/3v.cl\/comercial\/"},{"@type":"ListItem","position":2,"name":"Productos","item":"https:\/\/3v.cl\/comercial\/shop\/"},{"@type":"ListItem","position":3,"name":"Extinci\u00f3n de Incendios","item":"https:\/\/3v.cl\/comercial\/categoria-producto\/extincion-de-incendios\/"},{"@type":"ListItem","position":4,"name":"Extintor Co2 De 2Kg."}]},{"@type":"WebSite","@id":"https:\/\/3v.cl\/comercial\/#website","url":"https:\/\/3v.cl\/comercial\/","name":"3V Comercial","description":"Productos industriales y Miner\u00eda.","publisher":{"@id":"https:\/\/3v.cl\/comercial\/#organization"},"alternateName":"3V","potentialAction":[{"@type":"SearchAction","target":{"@type":"EntryPoint","urlTemplate":"https:\/\/3v.cl\/comercial\/?s={search_term_string}"},"query-input":{"@type":"PropertyValueSpecification","valueRequired":true,"valueName":"search_term_string"}}],"inLanguage":"es"},{"@type":"Organization","@id":"https:\/\/3v.cl\/comercial\/#organization","name":"Valenzuela y Valenzuela Ltda.","alternateName":"3V Comercial","url":"https:\/\/3v.cl\/comercial\/","logo":{"@type":"ImageObject","inLanguage":"es","@id":"https:\/\/3v.cl\/comercial\/#\/schema\/logo\/image\/","url":"https:\/\/i0.wp.com\/3v.cl\/comercial\/wp-content\/uploads\/2024\/11\/3v_Circular-2.jpg?fit=146%2C146&ssl=1","contentUrl":"https:\/\/i0.wp.com\/3v.cl\/comercial\/wp-content\/uploads\/2024\/11\/3v_Circular-2.jpg?fit=146%2C146&ssl=1","width":146,"height":146,"caption":"Valenzuela y Valenzuela Ltda."},"image":{"@id":"https:\/\/3v.cl\/comercial\/#\/schema\/logo\/image\/"}}]}},"uagb_featured_image_src":{"full":["https:\/\/3v.cl\/comercial\/wp-content\/uploads\/2023\/06\/Extintor-CO2-de-2Kg.-min.jpg",1000,1000,false],"thumbnail":["https:\/\/3v.cl\/comercial\/wp-content\/uploads\/2023\/06\/Extintor-CO2-de-2Kg.-min-150x150.jpg",150,150,true],"medium":["https:\/\/3v.cl\/comercial\/wp-content\/uploads\/2023\/06\/Extintor-CO2-de-2Kg.-min-300x300.jpg",300,300,true],"medium_large":["https:\/\/3v.cl\/comercial\/wp-content\/uploads\/2023\/06\/Extintor-CO2-de-2Kg.-min-768x768.jpg",768,768,true],"large":["https:\/\/3v.cl\/comercial\/wp-content\/uploads\/2023\/06\/Extintor-CO2-de-2Kg.-min.jpg",600,600,false],"1536x1536":["https:\/\/3v.cl\/comercial\/wp-content\/uploads\/2023\/06\/Extintor-CO2-de-2Kg.-min.jpg",1000,1000,false],"2048x2048":["https:\/\/3v.cl\/comercial\/wp-content\/uploads\/2023\/06\/Extintor-CO2-de-2Kg.-min.jpg",1000,1000,false],"mailpoet_newsletter_max":["https:\/\/3v.cl\/comercial\/wp-content\/uploads\/2023\/06\/Extintor-CO2-de-2Kg.-min.jpg",1000,1000,false],"woocommerce_thumbnail":["https:\/\/3v.cl\/comercial\/wp-content\/uploads\/2023\/06\/Extintor-CO2-de-2Kg.-min-300x300.jpg",300,300,true],"woocommerce_single":["https:\/\/3v.cl\/comercial\/wp-content\/uploads\/2023\/06\/Extintor-CO2-de-2Kg.-min-400x400.jpg",400,400,true],"woocommerce_gallery_thumbnail":["https:\/\/3v.cl\/comercial\/wp-content\/uploads\/2023\/06\/Extintor-CO2-de-2Kg.-min-100x100.jpg",100,100,true],"dgwt-wcas-product-suggestion":["https:\/\/3v.cl\/comercial\/wp-content\/uploads\/2023\/06\/Extintor-CO2-de-2Kg.-min-64x64.jpg",64,64,true]},"uagb_author_info":{"display_name":"3V","author_link":"https:\/\/3v.cl\/comercial\/author\/"},"uagb_comment_info":0,"uagb_excerpt":"Extintor Co2 De 2Kg. Valor iva. *Imagen Referencial","_links":{"self":[{"href":"https:\/\/3v.cl\/comercial\/wp-json\/wp\/v2\/product\/2345","targetHints":{"allow":["GET"]}}],"collection":[{"href":"https:\/\/3v.cl\/comercial\/wp-json\/wp\/v2\/product"}],"about":[{"href":"https:\/\/3v.cl\/comercial\/wp-json\/wp\/v2\/types\/product"}],"replies":[{"embeddable":true,"href":"https:\/\/3v.cl\/comercial\/wp-json\/wp\/v2\/comments?post=2345"}],"wp:featuredmedia":[{"embeddable":true,"href":"https:\/\/3v.cl\/comercial\/wp-json\/wp\/v2\/media\/5201"}],"wp:attachment":[{"href":"https:\/\/3v.cl\/comercial\/wp-json\/wp\/v2\/media?parent=2345"}],"wp:term":[{"taxonomy":"product_brand","embeddable":true,"href":"https:\/\/3v.cl\/comercial\/wp-json\/wp\/v2\/product_brand?post=2345"},{"taxonomy":"product_cat","embeddable":true,"href":"https:\/\/3v.cl\/comercial\/wp-json\/wp\/v2\/product_cat?post=2345"},{"taxonomy":"product_tag","embeddable":true,"href":"https:\/\/3v.cl\/comercial\/wp-json\/wp\/v2\/product_tag?post=2345"}],"curies":[{"name":"wp","href":"https:\/\/api.w.org\/{rel}","templated":true}]}}