{"id":2233,"date":"2023-06-01T21:18:38","date_gmt":"2023-06-02T01:18:38","guid":{"rendered":"https:\/\/comercial.3v.cl\/?post_type=product&#038;p=2233"},"modified":"2026-03-24T09:02:40","modified_gmt":"2026-03-24T12:02:40","slug":"cadena-plastica-blanca-roja-rollo-25cm-8mm","status":"publish","type":"product","link":"https:\/\/3v.cl\/comercial\/cadena-plastica-blanca-roja-rollo-25cm-8mm\/","title":{"rendered":"Cadena Pl\u00e1stica De Color Roja\/Blanca De 25 Metros Y 8Mm De Grosor."},"content":{"rendered":"<p><strong>Especificaciones:<\/strong><\/p>\n<p>Cadenas hechas en pl\u00e1stico en combinaciones blanco-rojo. Estas cadenas pueden usarse para delimitar espacios y zonas de circulaci\u00f3n, se\u00f1alizar, vallar y demarcar. Se acoplan a las columnas de se\u00f1alizaci\u00f3n.<\/p>\n<p><strong>Caracter\u00edstica:<\/strong><\/p>\n<p>Suelen implementarse en salidas de estaciones de peaje, cruces peatonales, estaciones de servicio, incluso para dividir multitudes en filas ordenadas.<\/p>\n<p>MEDIDAS: 25mt x.8<\/p>\n","protected":false},"excerpt":{"rendered":"<p>Cadena Pl\u00e1stica De Color Roja\/Blanca De 25 Metros Y 8Mm De Grosor.<\/p>\n<p>Valor iva.<\/p>\n<p><strong>*Imagen Referencial<\/strong><\/p>\n","protected":false},"featured_media":3491,"comment_status":"open","ping_status":"closed","template":"","meta":{"_uag_custom_page_level_css":"","site-sidebar-layout":"default","site-content-layout":"default","ast-site-content-layout":"default","site-content-style":"default","site-sidebar-style":"default","ast-global-header-display":"","ast-banner-title-visibility":"","ast-main-header-display":"","ast-hfb-above-header-display":"","ast-hfb-below-header-display":"","ast-hfb-mobile-header-display":"","site-post-title":"","ast-breadcrumbs-content":"","ast-featured-img":"","footer-sml-layout":"","ast-disable-related-posts":"","theme-transparent-header-meta":"default","adv-header-id-meta":"","stick-header-meta":"","header-above-stick-meta":"","header-main-stick-meta":"","header-below-stick-meta":"","astra-migrate-meta-layouts":"default","ast-page-background-enabled":"default","ast-page-background-meta":{"desktop":{"background-color":"var(--ast-global-color-4)","background-image":"","background-repeat":"repeat","background-position":"center center","background-size":"auto","background-attachment":"scroll","background-type":"","background-media":"","overlay-type":"","overlay-color":"","overlay-opacity":"","overlay-gradient":""},"tablet":{"background-color":"","background-image":"","background-repeat":"repeat","background-position":"center center","background-size":"auto","background-attachment":"scroll","background-type":"","background-media":"","overlay-type":"","overlay-color":"","overlay-opacity":"","overlay-gradient":""},"mobile":{"background-color":"","background-image":"","background-repeat":"repeat","background-position":"center center","background-size":"auto","background-attachment":"scroll","background-type":"","background-media":"","overlay-type":"","overlay-color":"","overlay-opacity":"","overlay-gradient":""}},"ast-content-background-meta":{"desktop":{"background-color":"var(--ast-global-color-5)","background-image":"","background-repeat":"repeat","background-position":"center center","background-size":"auto","background-attachment":"scroll","background-type":"","background-media":"","overlay-type":"","overlay-color":"","overlay-opacity":"","overlay-gradient":""},"tablet":{"background-color":"var(--ast-global-color-5)","background-image":"","background-repeat":"repeat","background-position":"center center","background-size":"auto","background-attachment":"scroll","background-type":"","background-media":"","overlay-type":"","overlay-color":"","overlay-opacity":"","overlay-gradient":""},"mobile":{"background-color":"var(--ast-global-color-5)","background-image":"","background-repeat":"repeat","background-position":"center center","background-size":"auto","background-attachment":"scroll","background-type":"","background-media":"","overlay-type":"","overlay-color":"","overlay-opacity":"","overlay-gradient":""}}},"product_brand":[],"product_cat":[30],"product_tag":[],"class_list":{"0":"post-2233","1":"product","2":"type-product","3":"status-publish","4":"has-post-thumbnail","6":"product_cat-seguridad-vial","7":"desktop-align-left","8":"tablet-align-left","9":"mobile-align-left","11":"first","12":"instock","13":"taxable","14":"shipping-taxable","15":"purchasable","16":"product-type-simple"},"yoast_head":"<!-- This site is optimized with the Yoast SEO plugin v27.3 - https:\/\/yoast.com\/product\/yoast-seo-wordpress\/ -->\n<title>Cadena Pl\u00e1stica De Color Roja\/Blanca De 25 Metros Y 8Mm De Grosor. - 3V Comercial<\/title>\n<meta name=\"robots\" content=\"index, follow, max-snippet:-1, max-image-preview:large, max-video-preview:-1\" \/>\n<link rel=\"canonical\" href=\"https:\/\/3v.cl\/comercial\/cadena-plastica-blanca-roja-rollo-25cm-8mm\/\" \/>\n<meta property=\"og:locale\" content=\"es_ES\" \/>\n<meta property=\"og:type\" content=\"article\" \/>\n<meta property=\"og:title\" content=\"Cadena Pl\u00e1stica De Color Roja\/Blanca De 25 Metros Y 8Mm De Grosor. - 3V Comercial\" \/>\n<meta property=\"og:description\" content=\"Cadena Pl\u00e1stica De Color Roja\/Blanca De 25 Metros Y 8Mm De Grosor.  Valor iva. *Imagen Referencial\" \/>\n<meta property=\"og:url\" content=\"https:\/\/3v.cl\/comercial\/cadena-plastica-blanca-roja-rollo-25cm-8mm\/\" \/>\n<meta property=\"og:site_name\" content=\"3V Comercial\" \/>\n<meta property=\"article:modified_time\" content=\"2026-03-24T12:02:40+00:00\" \/>\n<meta property=\"og:image\" content=\"https:\/\/3v.cl\/comercial\/wp-content\/uploads\/2023\/06\/s-l1600.jpg\" \/>\n\t<meta property=\"og:image:width\" content=\"1600\" \/>\n\t<meta property=\"og:image:height\" content=\"1600\" \/>\n\t<meta property=\"og:image:type\" content=\"image\/jpeg\" \/>\n<meta name=\"twitter:card\" content=\"summary_large_image\" \/>\n<script type=\"application\/ld+json\" class=\"yoast-schema-graph\">{\"@context\":\"https:\\\/\\\/schema.org\",\"@graph\":[{\"@type\":\"WebPage\",\"@id\":\"https:\\\/\\\/3v.cl\\\/comercial\\\/cadena-plastica-blanca-roja-rollo-25cm-8mm\\\/\",\"url\":\"https:\\\/\\\/3v.cl\\\/comercial\\\/cadena-plastica-blanca-roja-rollo-25cm-8mm\\\/\",\"name\":\"Cadena Pl\u00e1stica De Color Roja\\\/Blanca De 25 Metros Y 8Mm De Grosor. - 3V Comercial\",\"isPartOf\":{\"@id\":\"https:\\\/\\\/3v.cl\\\/comercial\\\/#website\"},\"primaryImageOfPage\":{\"@id\":\"https:\\\/\\\/3v.cl\\\/comercial\\\/cadena-plastica-blanca-roja-rollo-25cm-8mm\\\/#primaryimage\"},\"image\":{\"@id\":\"https:\\\/\\\/3v.cl\\\/comercial\\\/cadena-plastica-blanca-roja-rollo-25cm-8mm\\\/#primaryimage\"},\"thumbnailUrl\":\"https:\\\/\\\/3v.cl\\\/comercial\\\/wp-content\\\/uploads\\\/2023\\\/06\\\/s-l1600.jpg\",\"datePublished\":\"2023-06-02T01:18:38+00:00\",\"dateModified\":\"2026-03-24T12:02:40+00:00\",\"breadcrumb\":{\"@id\":\"https:\\\/\\\/3v.cl\\\/comercial\\\/cadena-plastica-blanca-roja-rollo-25cm-8mm\\\/#breadcrumb\"},\"inLanguage\":\"es\",\"potentialAction\":[{\"@type\":\"ReadAction\",\"target\":[\"https:\\\/\\\/3v.cl\\\/comercial\\\/cadena-plastica-blanca-roja-rollo-25cm-8mm\\\/\"]}]},{\"@type\":\"ImageObject\",\"inLanguage\":\"es\",\"@id\":\"https:\\\/\\\/3v.cl\\\/comercial\\\/cadena-plastica-blanca-roja-rollo-25cm-8mm\\\/#primaryimage\",\"url\":\"https:\\\/\\\/3v.cl\\\/comercial\\\/wp-content\\\/uploads\\\/2023\\\/06\\\/s-l1600.jpg\",\"contentUrl\":\"https:\\\/\\\/3v.cl\\\/comercial\\\/wp-content\\\/uploads\\\/2023\\\/06\\\/s-l1600.jpg\",\"width\":1600,\"height\":1600},{\"@type\":\"BreadcrumbList\",\"@id\":\"https:\\\/\\\/3v.cl\\\/comercial\\\/cadena-plastica-blanca-roja-rollo-25cm-8mm\\\/#breadcrumb\",\"itemListElement\":[{\"@type\":\"ListItem\",\"position\":1,\"name\":\"Inicio\",\"item\":\"https:\\\/\\\/3v.cl\\\/comercial\\\/\"},{\"@type\":\"ListItem\",\"position\":2,\"name\":\"Productos\",\"item\":\"https:\\\/\\\/3v.cl\\\/comercial\\\/shop\\\/\"},{\"@type\":\"ListItem\",\"position\":3,\"name\":\"Seguridad Vial\",\"item\":\"https:\\\/\\\/3v.cl\\\/comercial\\\/categoria-producto\\\/seguridad-vial\\\/\"},{\"@type\":\"ListItem\",\"position\":4,\"name\":\"Cadenas Pl\u00e1sticas\",\"item\":\"https:\\\/\\\/3v.cl\\\/comercial\\\/categoria-producto\\\/seguridad-vial\\\/cadenas-plasticas\\\/\"},{\"@type\":\"ListItem\",\"position\":5,\"name\":\"Cadena Pl\u00e1stica De Color Roja\\\/Blanca De 25 Metros Y 8Mm De Grosor.\"}]},{\"@type\":\"WebSite\",\"@id\":\"https:\\\/\\\/3v.cl\\\/comercial\\\/#website\",\"url\":\"https:\\\/\\\/3v.cl\\\/comercial\\\/\",\"name\":\"3V Comercial\",\"description\":\"Productos industriales y Miner\u00eda.\",\"publisher\":{\"@id\":\"https:\\\/\\\/3v.cl\\\/comercial\\\/#organization\"},\"alternateName\":\"3V\",\"potentialAction\":[{\"@type\":\"SearchAction\",\"target\":{\"@type\":\"EntryPoint\",\"urlTemplate\":\"https:\\\/\\\/3v.cl\\\/comercial\\\/?s={search_term_string}\"},\"query-input\":{\"@type\":\"PropertyValueSpecification\",\"valueRequired\":true,\"valueName\":\"search_term_string\"}}],\"inLanguage\":\"es\"},{\"@type\":\"Organization\",\"@id\":\"https:\\\/\\\/3v.cl\\\/comercial\\\/#organization\",\"name\":\"Valenzuela y Valenzuela Ltda.\",\"alternateName\":\"3V Comercial\",\"url\":\"https:\\\/\\\/3v.cl\\\/comercial\\\/\",\"logo\":{\"@type\":\"ImageObject\",\"inLanguage\":\"es\",\"@id\":\"https:\\\/\\\/3v.cl\\\/comercial\\\/#\\\/schema\\\/logo\\\/image\\\/\",\"url\":\"https:\\\/\\\/i0.wp.com\\\/3v.cl\\\/comercial\\\/wp-content\\\/uploads\\\/2024\\\/11\\\/3v_Circular-2.jpg?fit=146%2C146&ssl=1\",\"contentUrl\":\"https:\\\/\\\/i0.wp.com\\\/3v.cl\\\/comercial\\\/wp-content\\\/uploads\\\/2024\\\/11\\\/3v_Circular-2.jpg?fit=146%2C146&ssl=1\",\"width\":146,\"height\":146,\"caption\":\"Valenzuela y Valenzuela Ltda.\"},\"image\":{\"@id\":\"https:\\\/\\\/3v.cl\\\/comercial\\\/#\\\/schema\\\/logo\\\/image\\\/\"}}]}<\/script>\n<!-- \/ Yoast SEO plugin. -->","yoast_head_json":{"title":"Cadena Pl\u00e1stica De Color Roja\/Blanca De 25 Metros Y 8Mm De Grosor. - 3V Comercial","robots":{"index":"index","follow":"follow","max-snippet":"max-snippet:-1","max-image-preview":"max-image-preview:large","max-video-preview":"max-video-preview:-1"},"canonical":"https:\/\/3v.cl\/comercial\/cadena-plastica-blanca-roja-rollo-25cm-8mm\/","og_locale":"es_ES","og_type":"article","og_title":"Cadena Pl\u00e1stica De Color Roja\/Blanca De 25 Metros Y 8Mm De Grosor. - 3V Comercial","og_description":"Cadena Pl\u00e1stica De Color Roja\/Blanca De 25 Metros Y 8Mm De Grosor.  Valor iva. *Imagen Referencial","og_url":"https:\/\/3v.cl\/comercial\/cadena-plastica-blanca-roja-rollo-25cm-8mm\/","og_site_name":"3V Comercial","article_modified_time":"2026-03-24T12:02:40+00:00","og_image":[{"width":1600,"height":1600,"url":"https:\/\/3v.cl\/comercial\/wp-content\/uploads\/2023\/06\/s-l1600.jpg","type":"image\/jpeg"}],"twitter_card":"summary_large_image","schema":{"@context":"https:\/\/schema.org","@graph":[{"@type":"WebPage","@id":"https:\/\/3v.cl\/comercial\/cadena-plastica-blanca-roja-rollo-25cm-8mm\/","url":"https:\/\/3v.cl\/comercial\/cadena-plastica-blanca-roja-rollo-25cm-8mm\/","name":"Cadena Pl\u00e1stica De Color Roja\/Blanca De 25 Metros Y 8Mm De Grosor. - 3V Comercial","isPartOf":{"@id":"https:\/\/3v.cl\/comercial\/#website"},"primaryImageOfPage":{"@id":"https:\/\/3v.cl\/comercial\/cadena-plastica-blanca-roja-rollo-25cm-8mm\/#primaryimage"},"image":{"@id":"https:\/\/3v.cl\/comercial\/cadena-plastica-blanca-roja-rollo-25cm-8mm\/#primaryimage"},"thumbnailUrl":"https:\/\/3v.cl\/comercial\/wp-content\/uploads\/2023\/06\/s-l1600.jpg","datePublished":"2023-06-02T01:18:38+00:00","dateModified":"2026-03-24T12:02:40+00:00","breadcrumb":{"@id":"https:\/\/3v.cl\/comercial\/cadena-plastica-blanca-roja-rollo-25cm-8mm\/#breadcrumb"},"inLanguage":"es","potentialAction":[{"@type":"ReadAction","target":["https:\/\/3v.cl\/comercial\/cadena-plastica-blanca-roja-rollo-25cm-8mm\/"]}]},{"@type":"ImageObject","inLanguage":"es","@id":"https:\/\/3v.cl\/comercial\/cadena-plastica-blanca-roja-rollo-25cm-8mm\/#primaryimage","url":"https:\/\/3v.cl\/comercial\/wp-content\/uploads\/2023\/06\/s-l1600.jpg","contentUrl":"https:\/\/3v.cl\/comercial\/wp-content\/uploads\/2023\/06\/s-l1600.jpg","width":1600,"height":1600},{"@type":"BreadcrumbList","@id":"https:\/\/3v.cl\/comercial\/cadena-plastica-blanca-roja-rollo-25cm-8mm\/#breadcrumb","itemListElement":[{"@type":"ListItem","position":1,"name":"Inicio","item":"https:\/\/3v.cl\/comercial\/"},{"@type":"ListItem","position":2,"name":"Productos","item":"https:\/\/3v.cl\/comercial\/shop\/"},{"@type":"ListItem","position":3,"name":"Seguridad Vial","item":"https:\/\/3v.cl\/comercial\/categoria-producto\/seguridad-vial\/"},{"@type":"ListItem","position":4,"name":"Cadenas Pl\u00e1sticas","item":"https:\/\/3v.cl\/comercial\/categoria-producto\/seguridad-vial\/cadenas-plasticas\/"},{"@type":"ListItem","position":5,"name":"Cadena Pl\u00e1stica De Color Roja\/Blanca De 25 Metros Y 8Mm De Grosor."}]},{"@type":"WebSite","@id":"https:\/\/3v.cl\/comercial\/#website","url":"https:\/\/3v.cl\/comercial\/","name":"3V Comercial","description":"Productos industriales y Miner\u00eda.","publisher":{"@id":"https:\/\/3v.cl\/comercial\/#organization"},"alternateName":"3V","potentialAction":[{"@type":"SearchAction","target":{"@type":"EntryPoint","urlTemplate":"https:\/\/3v.cl\/comercial\/?s={search_term_string}"},"query-input":{"@type":"PropertyValueSpecification","valueRequired":true,"valueName":"search_term_string"}}],"inLanguage":"es"},{"@type":"Organization","@id":"https:\/\/3v.cl\/comercial\/#organization","name":"Valenzuela y Valenzuela Ltda.","alternateName":"3V Comercial","url":"https:\/\/3v.cl\/comercial\/","logo":{"@type":"ImageObject","inLanguage":"es","@id":"https:\/\/3v.cl\/comercial\/#\/schema\/logo\/image\/","url":"https:\/\/i0.wp.com\/3v.cl\/comercial\/wp-content\/uploads\/2024\/11\/3v_Circular-2.jpg?fit=146%2C146&ssl=1","contentUrl":"https:\/\/i0.wp.com\/3v.cl\/comercial\/wp-content\/uploads\/2024\/11\/3v_Circular-2.jpg?fit=146%2C146&ssl=1","width":146,"height":146,"caption":"Valenzuela y Valenzuela Ltda."},"image":{"@id":"https:\/\/3v.cl\/comercial\/#\/schema\/logo\/image\/"}}]}},"uagb_featured_image_src":{"full":["https:\/\/3v.cl\/comercial\/wp-content\/uploads\/2023\/06\/s-l1600.jpg",1600,1600,false],"thumbnail":["https:\/\/3v.cl\/comercial\/wp-content\/uploads\/2023\/06\/s-l1600.jpg",150,150,false],"medium":["https:\/\/3v.cl\/comercial\/wp-content\/uploads\/2023\/06\/s-l1600.jpg",300,300,false],"medium_large":["https:\/\/3v.cl\/comercial\/wp-content\/uploads\/2023\/06\/s-l1600.jpg",768,768,false],"large":["https:\/\/3v.cl\/comercial\/wp-content\/uploads\/2023\/06\/s-l1600.jpg",600,600,false],"1536x1536":["https:\/\/3v.cl\/comercial\/wp-content\/uploads\/2023\/06\/s-l1600.jpg",1536,1536,false],"2048x2048":["https:\/\/3v.cl\/comercial\/wp-content\/uploads\/2023\/06\/s-l1600.jpg",1600,1600,false],"mailpoet_newsletter_max":["https:\/\/3v.cl\/comercial\/wp-content\/uploads\/2023\/06\/s-l1600.jpg",1320,1320,false],"woocommerce_thumbnail":["https:\/\/3v.cl\/comercial\/wp-content\/uploads\/2023\/06\/s-l1600-300x300.jpg",300,300,true],"woocommerce_single":["https:\/\/3v.cl\/comercial\/wp-content\/uploads\/2023\/06\/s-l1600-400x400.jpg",400,400,true],"woocommerce_gallery_thumbnail":["https:\/\/3v.cl\/comercial\/wp-content\/uploads\/2023\/06\/s-l1600-100x100.jpg",100,100,true],"dgwt-wcas-product-suggestion":["https:\/\/3v.cl\/comercial\/wp-content\/uploads\/2023\/06\/s-l1600-64x64.jpg",64,64,true]},"uagb_author_info":{"display_name":"3V","author_link":"https:\/\/3v.cl\/comercial\/author\/"},"uagb_comment_info":0,"uagb_excerpt":"Cadena Pl\u00e1stica De Color Roja\/Blanca De 25 Metros Y 8Mm De Grosor. Valor iva. *Imagen Referencial","_links":{"self":[{"href":"https:\/\/3v.cl\/comercial\/wp-json\/wp\/v2\/product\/2233","targetHints":{"allow":["GET"]}}],"collection":[{"href":"https:\/\/3v.cl\/comercial\/wp-json\/wp\/v2\/product"}],"about":[{"href":"https:\/\/3v.cl\/comercial\/wp-json\/wp\/v2\/types\/product"}],"replies":[{"embeddable":true,"href":"https:\/\/3v.cl\/comercial\/wp-json\/wp\/v2\/comments?post=2233"}],"wp:featuredmedia":[{"embeddable":true,"href":"https:\/\/3v.cl\/comercial\/wp-json\/wp\/v2\/media\/3491"}],"wp:attachment":[{"href":"https:\/\/3v.cl\/comercial\/wp-json\/wp\/v2\/media?parent=2233"}],"wp:term":[{"taxonomy":"product_brand","embeddable":true,"href":"https:\/\/3v.cl\/comercial\/wp-json\/wp\/v2\/product_brand?post=2233"},{"taxonomy":"product_cat","embeddable":true,"href":"https:\/\/3v.cl\/comercial\/wp-json\/wp\/v2\/product_cat?post=2233"},{"taxonomy":"product_tag","embeddable":true,"href":"https:\/\/3v.cl\/comercial\/wp-json\/wp\/v2\/product_tag?post=2233"}],"curies":[{"name":"wp","href":"https:\/\/api.w.org\/{rel}","templated":true}]}}