{"id":2189,"date":"2023-06-01T21:18:25","date_gmt":"2023-06-02T01:18:25","guid":{"rendered":"https:\/\/comercial.3v.cl\/?post_type=product&#038;p=2189"},"modified":"2026-05-11T08:48:30","modified_gmt":"2026-05-11T12:48:30","slug":"pulpo-de-cadena-2-brazos-6mm-2-ton-con-acortador","status":"publish","type":"product","link":"https:\/\/3v.cl\/comercial\/pulpo-de-cadena-2-brazos-6mm-2-ton-con-acortador\/","title":{"rendered":"Pulpo De Cadena 2 Brazos De 6 Metros Y 2 Toneladas Con Acortador"},"content":{"rendered":"<p><strong>Caracter\u00edsticas:<\/strong> <\/p>\n<p>Los pulpos de cadena se pueden suministrar con ganchos de seguridad de ojo a cadena, con ganchos de pestillo y con acortadores. Al realizar el pedido debe informar del tipo de gancho y acortadores dependiendo de la necesidad.<\/p>\n<p>Se emplean para la tracci\u00f3n y elevaci\u00f3n de cargas pesadas que requieren de uno o m\u00e1s puntos de sujeci\u00f3n.<\/p>\n<p>Para la elecci\u00f3n del pulpo id\u00f3neo para cada operaci\u00f3n deberemos tener en cuenta los \u00e1ngulos de elevaci\u00f3n de los ramales respecto de la vertical, puesto que la capacidad de cada pulpo se ver\u00e1 afectada por los mismos.<\/p>\n<p><strong>Especificaciones:<\/strong><\/p>\n<p>Pulpos de cadena 2 ramales. Grado 80<\/p>\n<p>Alta calidad<\/p>\n<p>Longitud [m]:2; di\u00e1metro [mm]:8; carga [kg]:2.800.<\/p>\n","protected":false},"excerpt":{"rendered":"<p>Pulpo De Cadena 4 Brazos De 6 Metros Y 2 Toneladas Con Acortador<\/p>\n<p>Valor iva.<\/p>\n<p><strong>*Imagen Referencial<\/strong><\/p>\n","protected":false},"featured_media":3564,"comment_status":"open","ping_status":"closed","template":"","meta":{"_uag_custom_page_level_css":"","site-sidebar-layout":"default","site-content-layout":"default","ast-site-content-layout":"default","site-content-style":"default","site-sidebar-style":"default","ast-global-header-display":"","ast-banner-title-visibility":"","ast-main-header-display":"","ast-hfb-above-header-display":"","ast-hfb-below-header-display":"","ast-hfb-mobile-header-display":"","site-post-title":"","ast-breadcrumbs-content":"","ast-featured-img":"","footer-sml-layout":"","ast-disable-related-posts":"","theme-transparent-header-meta":"default","adv-header-id-meta":"","stick-header-meta":"","header-above-stick-meta":"","header-main-stick-meta":"","header-below-stick-meta":"","astra-migrate-meta-layouts":"default","ast-page-background-enabled":"default","ast-page-background-meta":{"desktop":{"background-color":"var(--ast-global-color-4)","background-image":"","background-repeat":"repeat","background-position":"center center","background-size":"auto","background-attachment":"scroll","background-type":"","background-media":"","overlay-type":"","overlay-color":"","overlay-opacity":"","overlay-gradient":""},"tablet":{"background-color":"","background-image":"","background-repeat":"repeat","background-position":"center center","background-size":"auto","background-attachment":"scroll","background-type":"","background-media":"","overlay-type":"","overlay-color":"","overlay-opacity":"","overlay-gradient":""},"mobile":{"background-color":"","background-image":"","background-repeat":"repeat","background-position":"center center","background-size":"auto","background-attachment":"scroll","background-type":"","background-media":"","overlay-type":"","overlay-color":"","overlay-opacity":"","overlay-gradient":""}},"ast-content-background-meta":{"desktop":{"background-color":"var(--ast-global-color-5)","background-image":"","background-repeat":"repeat","background-position":"center center","background-size":"auto","background-attachment":"scroll","background-type":"","background-media":"","overlay-type":"","overlay-color":"","overlay-opacity":"","overlay-gradient":""},"tablet":{"background-color":"var(--ast-global-color-5)","background-image":"","background-repeat":"repeat","background-position":"center center","background-size":"auto","background-attachment":"scroll","background-type":"","background-media":"","overlay-type":"","overlay-color":"","overlay-opacity":"","overlay-gradient":""},"mobile":{"background-color":"var(--ast-global-color-5)","background-image":"","background-repeat":"repeat","background-position":"center center","background-size":"auto","background-attachment":"scroll","background-type":"","background-media":"","overlay-type":"","overlay-color":"","overlay-opacity":"","overlay-gradient":""}}},"product_brand":[],"product_cat":[35,43],"product_tag":[],"class_list":{"0":"post-2189","1":"product","2":"type-product","3":"status-publish","4":"has-post-thumbnail","6":"product_cat-elementos-de-carga","7":"product_cat-pulpo-de-cadena","8":"desktop-align-left","9":"tablet-align-left","10":"mobile-align-left","12":"first","13":"instock","14":"taxable","15":"shipping-taxable","16":"purchasable","17":"product-type-simple"},"yoast_head":"<!-- This site is optimized with the Yoast SEO plugin v27.6 - https:\/\/yoast.com\/product\/yoast-seo-wordpress\/ -->\n<title>Pulpo De Cadena 2 Brazos De 6 Metros Y 2 Toneladas Con Acortador - 3V Comercial<\/title>\n<meta name=\"robots\" content=\"index, follow, max-snippet:-1, max-image-preview:large, max-video-preview:-1\" \/>\n<link rel=\"canonical\" href=\"https:\/\/3v.cl\/comercial\/pulpo-de-cadena-2-brazos-6mm-2-ton-con-acortador\/\" \/>\n<meta property=\"og:locale\" content=\"es_ES\" \/>\n<meta property=\"og:type\" content=\"article\" \/>\n<meta property=\"og:title\" content=\"Pulpo De Cadena 2 Brazos De 6 Metros Y 2 Toneladas Con Acortador - 3V Comercial\" \/>\n<meta property=\"og:description\" content=\"Pulpo De Cadena 4 Brazos De 6 Metros Y 2 Toneladas Con Acortador  Valor iva. *Imagen Referencial\" \/>\n<meta property=\"og:url\" content=\"https:\/\/3v.cl\/comercial\/pulpo-de-cadena-2-brazos-6mm-2-ton-con-acortador\/\" \/>\n<meta property=\"og:site_name\" content=\"3V Comercial\" \/>\n<meta property=\"article:modified_time\" content=\"2026-05-11T12:48:30+00:00\" \/>\n<meta property=\"og:image\" content=\"https:\/\/3v.cl\/comercial\/wp-content\/uploads\/2023\/06\/pulpo-2-cadenas-2.jpg\" \/>\n\t<meta property=\"og:image:width\" content=\"300\" \/>\n\t<meta property=\"og:image:height\" content=\"300\" \/>\n\t<meta property=\"og:image:type\" content=\"image\/jpeg\" \/>\n<meta name=\"twitter:card\" content=\"summary_large_image\" \/>\n<meta name=\"twitter:label1\" content=\"Tiempo de lectura\" \/>\n\t<meta name=\"twitter:data1\" content=\"1 minuto\" \/>\n<script type=\"application\/ld+json\" class=\"yoast-schema-graph\">{\"@context\":\"https:\\\/\\\/schema.org\",\"@graph\":[{\"@type\":\"WebPage\",\"@id\":\"https:\\\/\\\/3v.cl\\\/comercial\\\/pulpo-de-cadena-2-brazos-6mm-2-ton-con-acortador\\\/\",\"url\":\"https:\\\/\\\/3v.cl\\\/comercial\\\/pulpo-de-cadena-2-brazos-6mm-2-ton-con-acortador\\\/\",\"name\":\"Pulpo De Cadena 2 Brazos De 6 Metros Y 2 Toneladas Con Acortador - 3V Comercial\",\"isPartOf\":{\"@id\":\"https:\\\/\\\/3v.cl\\\/comercial\\\/#website\"},\"primaryImageOfPage\":{\"@id\":\"https:\\\/\\\/3v.cl\\\/comercial\\\/pulpo-de-cadena-2-brazos-6mm-2-ton-con-acortador\\\/#primaryimage\"},\"image\":{\"@id\":\"https:\\\/\\\/3v.cl\\\/comercial\\\/pulpo-de-cadena-2-brazos-6mm-2-ton-con-acortador\\\/#primaryimage\"},\"thumbnailUrl\":\"https:\\\/\\\/3v.cl\\\/comercial\\\/wp-content\\\/uploads\\\/2023\\\/06\\\/pulpo-2-cadenas-2.jpg\",\"datePublished\":\"2023-06-02T01:18:25+00:00\",\"dateModified\":\"2026-05-11T12:48:30+00:00\",\"breadcrumb\":{\"@id\":\"https:\\\/\\\/3v.cl\\\/comercial\\\/pulpo-de-cadena-2-brazos-6mm-2-ton-con-acortador\\\/#breadcrumb\"},\"inLanguage\":\"es\",\"potentialAction\":[{\"@type\":\"ReadAction\",\"target\":[\"https:\\\/\\\/3v.cl\\\/comercial\\\/pulpo-de-cadena-2-brazos-6mm-2-ton-con-acortador\\\/\"]}]},{\"@type\":\"ImageObject\",\"inLanguage\":\"es\",\"@id\":\"https:\\\/\\\/3v.cl\\\/comercial\\\/pulpo-de-cadena-2-brazos-6mm-2-ton-con-acortador\\\/#primaryimage\",\"url\":\"https:\\\/\\\/3v.cl\\\/comercial\\\/wp-content\\\/uploads\\\/2023\\\/06\\\/pulpo-2-cadenas-2.jpg\",\"contentUrl\":\"https:\\\/\\\/3v.cl\\\/comercial\\\/wp-content\\\/uploads\\\/2023\\\/06\\\/pulpo-2-cadenas-2.jpg\",\"width\":300,\"height\":300},{\"@type\":\"BreadcrumbList\",\"@id\":\"https:\\\/\\\/3v.cl\\\/comercial\\\/pulpo-de-cadena-2-brazos-6mm-2-ton-con-acortador\\\/#breadcrumb\",\"itemListElement\":[{\"@type\":\"ListItem\",\"position\":1,\"name\":\"Inicio\",\"item\":\"https:\\\/\\\/3v.cl\\\/comercial\\\/\"},{\"@type\":\"ListItem\",\"position\":2,\"name\":\"Productos\",\"item\":\"https:\\\/\\\/3v.cl\\\/comercial\\\/shop\\\/\"},{\"@type\":\"ListItem\",\"position\":3,\"name\":\"Elementos de Carga\",\"item\":\"https:\\\/\\\/3v.cl\\\/comercial\\\/categoria-producto\\\/elementos-de-carga\\\/\"},{\"@type\":\"ListItem\",\"position\":4,\"name\":\"Pulpo de Cadena\",\"item\":\"https:\\\/\\\/3v.cl\\\/comercial\\\/categoria-producto\\\/elementos-de-carga\\\/pulpo-de-cadena\\\/\"},{\"@type\":\"ListItem\",\"position\":5,\"name\":\"Pulpo De Cadena 2 Brazos De 6 Metros Y 2 Toneladas Con Acortador\"}]},{\"@type\":\"WebSite\",\"@id\":\"https:\\\/\\\/3v.cl\\\/comercial\\\/#website\",\"url\":\"https:\\\/\\\/3v.cl\\\/comercial\\\/\",\"name\":\"3V Comercial\",\"description\":\"Productos industriales y Miner\u00eda.\",\"publisher\":{\"@id\":\"https:\\\/\\\/3v.cl\\\/comercial\\\/#organization\"},\"alternateName\":\"3V\",\"potentialAction\":[{\"@type\":\"SearchAction\",\"target\":{\"@type\":\"EntryPoint\",\"urlTemplate\":\"https:\\\/\\\/3v.cl\\\/comercial\\\/?s={search_term_string}\"},\"query-input\":{\"@type\":\"PropertyValueSpecification\",\"valueRequired\":true,\"valueName\":\"search_term_string\"}}],\"inLanguage\":\"es\"},{\"@type\":\"Organization\",\"@id\":\"https:\\\/\\\/3v.cl\\\/comercial\\\/#organization\",\"name\":\"Valenzuela y Valenzuela Ltda.\",\"alternateName\":\"3V Comercial\",\"url\":\"https:\\\/\\\/3v.cl\\\/comercial\\\/\",\"logo\":{\"@type\":\"ImageObject\",\"inLanguage\":\"es\",\"@id\":\"https:\\\/\\\/3v.cl\\\/comercial\\\/#\\\/schema\\\/logo\\\/image\\\/\",\"url\":\"https:\\\/\\\/i0.wp.com\\\/3v.cl\\\/comercial\\\/wp-content\\\/uploads\\\/2024\\\/11\\\/3v_Circular-2.jpg?fit=146%2C146&ssl=1\",\"contentUrl\":\"https:\\\/\\\/i0.wp.com\\\/3v.cl\\\/comercial\\\/wp-content\\\/uploads\\\/2024\\\/11\\\/3v_Circular-2.jpg?fit=146%2C146&ssl=1\",\"width\":146,\"height\":146,\"caption\":\"Valenzuela y Valenzuela Ltda.\"},\"image\":{\"@id\":\"https:\\\/\\\/3v.cl\\\/comercial\\\/#\\\/schema\\\/logo\\\/image\\\/\"}}]}<\/script>\n<!-- \/ Yoast SEO plugin. -->","yoast_head_json":{"title":"Pulpo De Cadena 2 Brazos De 6 Metros Y 2 Toneladas Con Acortador - 3V Comercial","robots":{"index":"index","follow":"follow","max-snippet":"max-snippet:-1","max-image-preview":"max-image-preview:large","max-video-preview":"max-video-preview:-1"},"canonical":"https:\/\/3v.cl\/comercial\/pulpo-de-cadena-2-brazos-6mm-2-ton-con-acortador\/","og_locale":"es_ES","og_type":"article","og_title":"Pulpo De Cadena 2 Brazos De 6 Metros Y 2 Toneladas Con Acortador - 3V Comercial","og_description":"Pulpo De Cadena 4 Brazos De 6 Metros Y 2 Toneladas Con Acortador  Valor iva. *Imagen Referencial","og_url":"https:\/\/3v.cl\/comercial\/pulpo-de-cadena-2-brazos-6mm-2-ton-con-acortador\/","og_site_name":"3V Comercial","article_modified_time":"2026-05-11T12:48:30+00:00","og_image":[{"width":300,"height":300,"url":"https:\/\/3v.cl\/comercial\/wp-content\/uploads\/2023\/06\/pulpo-2-cadenas-2.jpg","type":"image\/jpeg"}],"twitter_card":"summary_large_image","twitter_misc":{"Tiempo de lectura":"1 minuto"},"schema":{"@context":"https:\/\/schema.org","@graph":[{"@type":"WebPage","@id":"https:\/\/3v.cl\/comercial\/pulpo-de-cadena-2-brazos-6mm-2-ton-con-acortador\/","url":"https:\/\/3v.cl\/comercial\/pulpo-de-cadena-2-brazos-6mm-2-ton-con-acortador\/","name":"Pulpo De Cadena 2 Brazos De 6 Metros Y 2 Toneladas Con Acortador - 3V Comercial","isPartOf":{"@id":"https:\/\/3v.cl\/comercial\/#website"},"primaryImageOfPage":{"@id":"https:\/\/3v.cl\/comercial\/pulpo-de-cadena-2-brazos-6mm-2-ton-con-acortador\/#primaryimage"},"image":{"@id":"https:\/\/3v.cl\/comercial\/pulpo-de-cadena-2-brazos-6mm-2-ton-con-acortador\/#primaryimage"},"thumbnailUrl":"https:\/\/3v.cl\/comercial\/wp-content\/uploads\/2023\/06\/pulpo-2-cadenas-2.jpg","datePublished":"2023-06-02T01:18:25+00:00","dateModified":"2026-05-11T12:48:30+00:00","breadcrumb":{"@id":"https:\/\/3v.cl\/comercial\/pulpo-de-cadena-2-brazos-6mm-2-ton-con-acortador\/#breadcrumb"},"inLanguage":"es","potentialAction":[{"@type":"ReadAction","target":["https:\/\/3v.cl\/comercial\/pulpo-de-cadena-2-brazos-6mm-2-ton-con-acortador\/"]}]},{"@type":"ImageObject","inLanguage":"es","@id":"https:\/\/3v.cl\/comercial\/pulpo-de-cadena-2-brazos-6mm-2-ton-con-acortador\/#primaryimage","url":"https:\/\/3v.cl\/comercial\/wp-content\/uploads\/2023\/06\/pulpo-2-cadenas-2.jpg","contentUrl":"https:\/\/3v.cl\/comercial\/wp-content\/uploads\/2023\/06\/pulpo-2-cadenas-2.jpg","width":300,"height":300},{"@type":"BreadcrumbList","@id":"https:\/\/3v.cl\/comercial\/pulpo-de-cadena-2-brazos-6mm-2-ton-con-acortador\/#breadcrumb","itemListElement":[{"@type":"ListItem","position":1,"name":"Inicio","item":"https:\/\/3v.cl\/comercial\/"},{"@type":"ListItem","position":2,"name":"Productos","item":"https:\/\/3v.cl\/comercial\/shop\/"},{"@type":"ListItem","position":3,"name":"Elementos de Carga","item":"https:\/\/3v.cl\/comercial\/categoria-producto\/elementos-de-carga\/"},{"@type":"ListItem","position":4,"name":"Pulpo de Cadena","item":"https:\/\/3v.cl\/comercial\/categoria-producto\/elementos-de-carga\/pulpo-de-cadena\/"},{"@type":"ListItem","position":5,"name":"Pulpo De Cadena 2 Brazos De 6 Metros Y 2 Toneladas Con Acortador"}]},{"@type":"WebSite","@id":"https:\/\/3v.cl\/comercial\/#website","url":"https:\/\/3v.cl\/comercial\/","name":"3V Comercial","description":"Productos industriales y Miner\u00eda.","publisher":{"@id":"https:\/\/3v.cl\/comercial\/#organization"},"alternateName":"3V","potentialAction":[{"@type":"SearchAction","target":{"@type":"EntryPoint","urlTemplate":"https:\/\/3v.cl\/comercial\/?s={search_term_string}"},"query-input":{"@type":"PropertyValueSpecification","valueRequired":true,"valueName":"search_term_string"}}],"inLanguage":"es"},{"@type":"Organization","@id":"https:\/\/3v.cl\/comercial\/#organization","name":"Valenzuela y Valenzuela Ltda.","alternateName":"3V Comercial","url":"https:\/\/3v.cl\/comercial\/","logo":{"@type":"ImageObject","inLanguage":"es","@id":"https:\/\/3v.cl\/comercial\/#\/schema\/logo\/image\/","url":"https:\/\/i0.wp.com\/3v.cl\/comercial\/wp-content\/uploads\/2024\/11\/3v_Circular-2.jpg?fit=146%2C146&ssl=1","contentUrl":"https:\/\/i0.wp.com\/3v.cl\/comercial\/wp-content\/uploads\/2024\/11\/3v_Circular-2.jpg?fit=146%2C146&ssl=1","width":146,"height":146,"caption":"Valenzuela y Valenzuela Ltda."},"image":{"@id":"https:\/\/3v.cl\/comercial\/#\/schema\/logo\/image\/"}}]}},"uagb_featured_image_src":{"full":["https:\/\/3v.cl\/comercial\/wp-content\/uploads\/2023\/06\/pulpo-2-cadenas-2.jpg",300,300,false],"thumbnail":["https:\/\/3v.cl\/comercial\/wp-content\/uploads\/2023\/06\/pulpo-2-cadenas-2.jpg",150,150,false],"medium":["https:\/\/3v.cl\/comercial\/wp-content\/uploads\/2023\/06\/pulpo-2-cadenas-2.jpg",300,300,false],"medium_large":["https:\/\/3v.cl\/comercial\/wp-content\/uploads\/2023\/06\/pulpo-2-cadenas-2.jpg",300,300,false],"large":["https:\/\/3v.cl\/comercial\/wp-content\/uploads\/2023\/06\/pulpo-2-cadenas-2.jpg",300,300,false],"1536x1536":["https:\/\/3v.cl\/comercial\/wp-content\/uploads\/2023\/06\/pulpo-2-cadenas-2.jpg",300,300,false],"2048x2048":["https:\/\/3v.cl\/comercial\/wp-content\/uploads\/2023\/06\/pulpo-2-cadenas-2.jpg",300,300,false],"mailpoet_newsletter_max":["https:\/\/3v.cl\/comercial\/wp-content\/uploads\/2023\/06\/pulpo-2-cadenas-2.jpg",300,300,false],"woocommerce_thumbnail":["https:\/\/3v.cl\/comercial\/wp-content\/uploads\/2023\/06\/pulpo-2-cadenas-2.jpg",300,300,false],"woocommerce_single":["https:\/\/3v.cl\/comercial\/wp-content\/uploads\/2023\/06\/pulpo-2-cadenas-2.jpg",300,300,false],"woocommerce_gallery_thumbnail":["https:\/\/3v.cl\/comercial\/wp-content\/uploads\/2023\/06\/pulpo-2-cadenas-2-100x100.jpg",100,100,true],"dgwt-wcas-product-suggestion":["https:\/\/3v.cl\/comercial\/wp-content\/uploads\/2023\/06\/pulpo-2-cadenas-2-64x64.jpg",64,64,true]},"uagb_author_info":{"display_name":"3V","author_link":"https:\/\/3v.cl\/comercial\/author\/"},"uagb_comment_info":0,"uagb_excerpt":"Pulpo De Cadena 4 Brazos De 6 Metros Y 2 Toneladas Con Acortador Valor iva. *Imagen Referencial","_links":{"self":[{"href":"https:\/\/3v.cl\/comercial\/wp-json\/wp\/v2\/product\/2189","targetHints":{"allow":["GET"]}}],"collection":[{"href":"https:\/\/3v.cl\/comercial\/wp-json\/wp\/v2\/product"}],"about":[{"href":"https:\/\/3v.cl\/comercial\/wp-json\/wp\/v2\/types\/product"}],"replies":[{"embeddable":true,"href":"https:\/\/3v.cl\/comercial\/wp-json\/wp\/v2\/comments?post=2189"}],"wp:featuredmedia":[{"embeddable":true,"href":"https:\/\/3v.cl\/comercial\/wp-json\/wp\/v2\/media\/3564"}],"wp:attachment":[{"href":"https:\/\/3v.cl\/comercial\/wp-json\/wp\/v2\/media?parent=2189"}],"wp:term":[{"taxonomy":"product_brand","embeddable":true,"href":"https:\/\/3v.cl\/comercial\/wp-json\/wp\/v2\/product_brand?post=2189"},{"taxonomy":"product_cat","embeddable":true,"href":"https:\/\/3v.cl\/comercial\/wp-json\/wp\/v2\/product_cat?post=2189"},{"taxonomy":"product_tag","embeddable":true,"href":"https:\/\/3v.cl\/comercial\/wp-json\/wp\/v2\/product_tag?post=2189"}],"curies":[{"name":"wp","href":"https:\/\/api.w.org\/{rel}","templated":true}]}}