{"id":1961,"date":"2023-06-01T21:17:17","date_gmt":"2023-06-02T01:17:17","guid":{"rendered":"https:\/\/comercial.3v.cl\/?post_type=product&#038;p=1961"},"modified":"2026-03-24T09:02:06","modified_gmt":"2026-03-24T12:02:06","slug":"caseta-multiproposito","status":"publish","type":"product","link":"https:\/\/3v.cl\/comercial\/caseta-multiproposito\/","title":{"rendered":"Caseta Multiprop\u00f3sito."},"content":{"rendered":"<p><strong>ESPECIFICACIONES:<\/strong><\/p>\n<p>Largo: 1,20m<\/p>\n<p>Ancho: 1,20m<\/p>\n<p>Alto: 2,3m<\/p>\n<p>Visi\u00f3n Perif\u00e9rica 360\u00ba<\/p>\n<p><strong>CARACTER\u00cdSTICAS:<\/strong><\/p>\n<p>Caseta panel s\u00e1ndwich EPS, 50mm L\u00e1mina de metal, aislaci\u00f3n con densidad es 10kg\/m3.<\/p>\n<p>2 Ventana de corredera de PVC 1,0&#215;1,13m de espesor , vidrio de 4mm + 1 Ventana fija de PVC 1,0&#215;0,7m.<\/p>\n<p>Base de acero, zincado, mas base de 15mm panel anti flama puerta con ventana fija, marco de aluminio y cerradura con llave.<\/p>\n<p>Incluye art\u00edculos para la instalaci\u00f3n el\u00e9ctrica, foco led interior, cables, interruptor, enchufe triple y canalizaci\u00f3n sobrepuesta.<\/p>\n<p>Se incluye todos los elementos de fijaci\u00f3n para el armado y 2 pomos de silicona para sellado.<\/p>\n<p>Entrega desarmada.<\/p>\n","protected":false},"excerpt":{"rendered":"<p>Caseta Multiprop\u00f3sito.<\/p>\n<p>Valor iva.<\/p>\n<p><strong>Retiro s\u00f3lo en Sucursal (No despachos)<\/strong><\/p>\n<p><strong>*Imagen Referencial<\/strong><\/p>\n","protected":false},"featured_media":5186,"comment_status":"open","ping_status":"closed","template":"","meta":{"_uag_custom_page_level_css":"","site-sidebar-layout":"default","site-content-layout":"default","ast-site-content-layout":"default","site-content-style":"default","site-sidebar-style":"default","ast-global-header-display":"","ast-banner-title-visibility":"","ast-main-header-display":"","ast-hfb-above-header-display":"","ast-hfb-below-header-display":"","ast-hfb-mobile-header-display":"","site-post-title":"","ast-breadcrumbs-content":"","ast-featured-img":"","footer-sml-layout":"","ast-disable-related-posts":"","theme-transparent-header-meta":"default","adv-header-id-meta":"","stick-header-meta":"","header-above-stick-meta":"","header-main-stick-meta":"","header-below-stick-meta":"","astra-migrate-meta-layouts":"set","ast-page-background-enabled":"default","ast-page-background-meta":{"desktop":{"background-color":"var(--ast-global-color-4)","background-image":"","background-repeat":"repeat","background-position":"center center","background-size":"auto","background-attachment":"scroll","background-type":"","background-media":"","overlay-type":"","overlay-color":"","overlay-opacity":"","overlay-gradient":""},"tablet":{"background-color":"","background-image":"","background-repeat":"repeat","background-position":"center center","background-size":"auto","background-attachment":"scroll","background-type":"","background-media":"","overlay-type":"","overlay-color":"","overlay-opacity":"","overlay-gradient":""},"mobile":{"background-color":"","background-image":"","background-repeat":"repeat","background-position":"center center","background-size":"auto","background-attachment":"scroll","background-type":"","background-media":"","overlay-type":"","overlay-color":"","overlay-opacity":"","overlay-gradient":""}},"ast-content-background-meta":{"desktop":{"background-color":"var(--ast-global-color-5)","background-image":"","background-repeat":"repeat","background-position":"center center","background-size":"auto","background-attachment":"scroll","background-type":"","background-media":"","overlay-type":"","overlay-color":"","overlay-opacity":"","overlay-gradient":""},"tablet":{"background-color":"var(--ast-global-color-5)","background-image":"","background-repeat":"repeat","background-position":"center center","background-size":"auto","background-attachment":"scroll","background-type":"","background-media":"","overlay-type":"","overlay-color":"","overlay-opacity":"","overlay-gradient":""},"mobile":{"background-color":"var(--ast-global-color-5)","background-image":"","background-repeat":"repeat","background-position":"center center","background-size":"auto","background-attachment":"scroll","background-type":"","background-media":"","overlay-type":"","overlay-color":"","overlay-opacity":"","overlay-gradient":""}}},"product_brand":[],"product_cat":[32,84],"product_tag":[],"class_list":{"0":"post-1961","1":"product","2":"type-product","3":"status-publish","4":"has-post-thumbnail","6":"product_cat-area-industrial","7":"product_cat-casetas-area-industrial","8":"desktop-align-left","9":"tablet-align-left","10":"mobile-align-left","12":"first","13":"instock","14":"taxable","15":"shipping-taxable","16":"purchasable","17":"product-type-simple"},"yoast_head":"<!-- This site is optimized with the Yoast SEO plugin v27.3 - https:\/\/yoast.com\/product\/yoast-seo-wordpress\/ -->\n<title>Caseta Multiprop\u00f3sito. - 3V Comercial<\/title>\n<meta name=\"robots\" content=\"index, follow, max-snippet:-1, max-image-preview:large, max-video-preview:-1\" \/>\n<link rel=\"canonical\" href=\"https:\/\/3v.cl\/comercial\/caseta-multiproposito\/\" \/>\n<meta property=\"og:locale\" content=\"es_ES\" \/>\n<meta property=\"og:type\" content=\"article\" \/>\n<meta property=\"og:title\" content=\"Caseta Multiprop\u00f3sito. - 3V Comercial\" \/>\n<meta property=\"og:description\" content=\"Caseta Multiprop\u00f3sito.  Valor iva.  Retiro s\u00f3lo en Sucursal (No despachos) *Imagen Referencial\" \/>\n<meta property=\"og:url\" content=\"https:\/\/3v.cl\/comercial\/caseta-multiproposito\/\" \/>\n<meta property=\"og:site_name\" content=\"3V Comercial\" \/>\n<meta property=\"article:modified_time\" content=\"2026-03-24T12:02:06+00:00\" \/>\n<meta property=\"og:image\" content=\"https:\/\/3v.cl\/comercial\/wp-content\/uploads\/2023\/06\/Caseta-Multiproposito.-min.jpg\" \/>\n\t<meta property=\"og:image:width\" content=\"412\" \/>\n\t<meta property=\"og:image:height\" content=\"460\" \/>\n\t<meta property=\"og:image:type\" content=\"image\/jpeg\" \/>\n<meta name=\"twitter:card\" content=\"summary_large_image\" \/>\n<meta name=\"twitter:label1\" content=\"Tiempo de lectura\" \/>\n\t<meta name=\"twitter:data1\" content=\"1 minuto\" \/>\n<script type=\"application\/ld+json\" class=\"yoast-schema-graph\">{\"@context\":\"https:\\\/\\\/schema.org\",\"@graph\":[{\"@type\":\"WebPage\",\"@id\":\"https:\\\/\\\/3v.cl\\\/comercial\\\/caseta-multiproposito\\\/\",\"url\":\"https:\\\/\\\/3v.cl\\\/comercial\\\/caseta-multiproposito\\\/\",\"name\":\"Caseta Multiprop\u00f3sito. - 3V Comercial\",\"isPartOf\":{\"@id\":\"https:\\\/\\\/3v.cl\\\/comercial\\\/#website\"},\"primaryImageOfPage\":{\"@id\":\"https:\\\/\\\/3v.cl\\\/comercial\\\/caseta-multiproposito\\\/#primaryimage\"},\"image\":{\"@id\":\"https:\\\/\\\/3v.cl\\\/comercial\\\/caseta-multiproposito\\\/#primaryimage\"},\"thumbnailUrl\":\"https:\\\/\\\/3v.cl\\\/comercial\\\/wp-content\\\/uploads\\\/2023\\\/06\\\/Caseta-Multiproposito.-min.jpg\",\"datePublished\":\"2023-06-02T01:17:17+00:00\",\"dateModified\":\"2026-03-24T12:02:06+00:00\",\"breadcrumb\":{\"@id\":\"https:\\\/\\\/3v.cl\\\/comercial\\\/caseta-multiproposito\\\/#breadcrumb\"},\"inLanguage\":\"es\",\"potentialAction\":[{\"@type\":\"ReadAction\",\"target\":[\"https:\\\/\\\/3v.cl\\\/comercial\\\/caseta-multiproposito\\\/\"]}]},{\"@type\":\"ImageObject\",\"inLanguage\":\"es\",\"@id\":\"https:\\\/\\\/3v.cl\\\/comercial\\\/caseta-multiproposito\\\/#primaryimage\",\"url\":\"https:\\\/\\\/3v.cl\\\/comercial\\\/wp-content\\\/uploads\\\/2023\\\/06\\\/Caseta-Multiproposito.-min.jpg\",\"contentUrl\":\"https:\\\/\\\/3v.cl\\\/comercial\\\/wp-content\\\/uploads\\\/2023\\\/06\\\/Caseta-Multiproposito.-min.jpg\",\"width\":412,\"height\":460},{\"@type\":\"BreadcrumbList\",\"@id\":\"https:\\\/\\\/3v.cl\\\/comercial\\\/caseta-multiproposito\\\/#breadcrumb\",\"itemListElement\":[{\"@type\":\"ListItem\",\"position\":1,\"name\":\"Inicio\",\"item\":\"https:\\\/\\\/3v.cl\\\/comercial\\\/\"},{\"@type\":\"ListItem\",\"position\":2,\"name\":\"Productos\",\"item\":\"https:\\\/\\\/3v.cl\\\/comercial\\\/shop\\\/\"},{\"@type\":\"ListItem\",\"position\":3,\"name\":\"Area Industrial\",\"item\":\"https:\\\/\\\/3v.cl\\\/comercial\\\/categoria-producto\\\/area-industrial\\\/\"},{\"@type\":\"ListItem\",\"position\":4,\"name\":\"Casetas\",\"item\":\"https:\\\/\\\/3v.cl\\\/comercial\\\/categoria-producto\\\/area-industrial\\\/casetas-area-industrial\\\/\"},{\"@type\":\"ListItem\",\"position\":5,\"name\":\"Caseta Multiprop\u00f3sito.\"}]},{\"@type\":\"WebSite\",\"@id\":\"https:\\\/\\\/3v.cl\\\/comercial\\\/#website\",\"url\":\"https:\\\/\\\/3v.cl\\\/comercial\\\/\",\"name\":\"3V Comercial\",\"description\":\"Productos industriales y Miner\u00eda.\",\"publisher\":{\"@id\":\"https:\\\/\\\/3v.cl\\\/comercial\\\/#organization\"},\"alternateName\":\"3V\",\"potentialAction\":[{\"@type\":\"SearchAction\",\"target\":{\"@type\":\"EntryPoint\",\"urlTemplate\":\"https:\\\/\\\/3v.cl\\\/comercial\\\/?s={search_term_string}\"},\"query-input\":{\"@type\":\"PropertyValueSpecification\",\"valueRequired\":true,\"valueName\":\"search_term_string\"}}],\"inLanguage\":\"es\"},{\"@type\":\"Organization\",\"@id\":\"https:\\\/\\\/3v.cl\\\/comercial\\\/#organization\",\"name\":\"Valenzuela y Valenzuela Ltda.\",\"alternateName\":\"3V Comercial\",\"url\":\"https:\\\/\\\/3v.cl\\\/comercial\\\/\",\"logo\":{\"@type\":\"ImageObject\",\"inLanguage\":\"es\",\"@id\":\"https:\\\/\\\/3v.cl\\\/comercial\\\/#\\\/schema\\\/logo\\\/image\\\/\",\"url\":\"https:\\\/\\\/i0.wp.com\\\/3v.cl\\\/comercial\\\/wp-content\\\/uploads\\\/2024\\\/11\\\/3v_Circular-2.jpg?fit=146%2C146&ssl=1\",\"contentUrl\":\"https:\\\/\\\/i0.wp.com\\\/3v.cl\\\/comercial\\\/wp-content\\\/uploads\\\/2024\\\/11\\\/3v_Circular-2.jpg?fit=146%2C146&ssl=1\",\"width\":146,\"height\":146,\"caption\":\"Valenzuela y Valenzuela Ltda.\"},\"image\":{\"@id\":\"https:\\\/\\\/3v.cl\\\/comercial\\\/#\\\/schema\\\/logo\\\/image\\\/\"}}]}<\/script>\n<!-- \/ Yoast SEO plugin. -->","yoast_head_json":{"title":"Caseta Multiprop\u00f3sito. - 3V Comercial","robots":{"index":"index","follow":"follow","max-snippet":"max-snippet:-1","max-image-preview":"max-image-preview:large","max-video-preview":"max-video-preview:-1"},"canonical":"https:\/\/3v.cl\/comercial\/caseta-multiproposito\/","og_locale":"es_ES","og_type":"article","og_title":"Caseta Multiprop\u00f3sito. - 3V Comercial","og_description":"Caseta Multiprop\u00f3sito.  Valor iva.  Retiro s\u00f3lo en Sucursal (No despachos) *Imagen Referencial","og_url":"https:\/\/3v.cl\/comercial\/caseta-multiproposito\/","og_site_name":"3V Comercial","article_modified_time":"2026-03-24T12:02:06+00:00","og_image":[{"width":412,"height":460,"url":"https:\/\/3v.cl\/comercial\/wp-content\/uploads\/2023\/06\/Caseta-Multiproposito.-min.jpg","type":"image\/jpeg"}],"twitter_card":"summary_large_image","twitter_misc":{"Tiempo de lectura":"1 minuto"},"schema":{"@context":"https:\/\/schema.org","@graph":[{"@type":"WebPage","@id":"https:\/\/3v.cl\/comercial\/caseta-multiproposito\/","url":"https:\/\/3v.cl\/comercial\/caseta-multiproposito\/","name":"Caseta Multiprop\u00f3sito. - 3V Comercial","isPartOf":{"@id":"https:\/\/3v.cl\/comercial\/#website"},"primaryImageOfPage":{"@id":"https:\/\/3v.cl\/comercial\/caseta-multiproposito\/#primaryimage"},"image":{"@id":"https:\/\/3v.cl\/comercial\/caseta-multiproposito\/#primaryimage"},"thumbnailUrl":"https:\/\/3v.cl\/comercial\/wp-content\/uploads\/2023\/06\/Caseta-Multiproposito.-min.jpg","datePublished":"2023-06-02T01:17:17+00:00","dateModified":"2026-03-24T12:02:06+00:00","breadcrumb":{"@id":"https:\/\/3v.cl\/comercial\/caseta-multiproposito\/#breadcrumb"},"inLanguage":"es","potentialAction":[{"@type":"ReadAction","target":["https:\/\/3v.cl\/comercial\/caseta-multiproposito\/"]}]},{"@type":"ImageObject","inLanguage":"es","@id":"https:\/\/3v.cl\/comercial\/caseta-multiproposito\/#primaryimage","url":"https:\/\/3v.cl\/comercial\/wp-content\/uploads\/2023\/06\/Caseta-Multiproposito.-min.jpg","contentUrl":"https:\/\/3v.cl\/comercial\/wp-content\/uploads\/2023\/06\/Caseta-Multiproposito.-min.jpg","width":412,"height":460},{"@type":"BreadcrumbList","@id":"https:\/\/3v.cl\/comercial\/caseta-multiproposito\/#breadcrumb","itemListElement":[{"@type":"ListItem","position":1,"name":"Inicio","item":"https:\/\/3v.cl\/comercial\/"},{"@type":"ListItem","position":2,"name":"Productos","item":"https:\/\/3v.cl\/comercial\/shop\/"},{"@type":"ListItem","position":3,"name":"Area Industrial","item":"https:\/\/3v.cl\/comercial\/categoria-producto\/area-industrial\/"},{"@type":"ListItem","position":4,"name":"Casetas","item":"https:\/\/3v.cl\/comercial\/categoria-producto\/area-industrial\/casetas-area-industrial\/"},{"@type":"ListItem","position":5,"name":"Caseta Multiprop\u00f3sito."}]},{"@type":"WebSite","@id":"https:\/\/3v.cl\/comercial\/#website","url":"https:\/\/3v.cl\/comercial\/","name":"3V Comercial","description":"Productos industriales y Miner\u00eda.","publisher":{"@id":"https:\/\/3v.cl\/comercial\/#organization"},"alternateName":"3V","potentialAction":[{"@type":"SearchAction","target":{"@type":"EntryPoint","urlTemplate":"https:\/\/3v.cl\/comercial\/?s={search_term_string}"},"query-input":{"@type":"PropertyValueSpecification","valueRequired":true,"valueName":"search_term_string"}}],"inLanguage":"es"},{"@type":"Organization","@id":"https:\/\/3v.cl\/comercial\/#organization","name":"Valenzuela y Valenzuela Ltda.","alternateName":"3V Comercial","url":"https:\/\/3v.cl\/comercial\/","logo":{"@type":"ImageObject","inLanguage":"es","@id":"https:\/\/3v.cl\/comercial\/#\/schema\/logo\/image\/","url":"https:\/\/i0.wp.com\/3v.cl\/comercial\/wp-content\/uploads\/2024\/11\/3v_Circular-2.jpg?fit=146%2C146&ssl=1","contentUrl":"https:\/\/i0.wp.com\/3v.cl\/comercial\/wp-content\/uploads\/2024\/11\/3v_Circular-2.jpg?fit=146%2C146&ssl=1","width":146,"height":146,"caption":"Valenzuela y Valenzuela Ltda."},"image":{"@id":"https:\/\/3v.cl\/comercial\/#\/schema\/logo\/image\/"}}]}},"uagb_featured_image_src":{"full":["https:\/\/3v.cl\/comercial\/wp-content\/uploads\/2023\/06\/Caseta-Multiproposito.-min.jpg",412,460,false],"thumbnail":["https:\/\/3v.cl\/comercial\/wp-content\/uploads\/2023\/06\/Caseta-Multiproposito.-min-150x150.jpg",150,150,true],"medium":["https:\/\/3v.cl\/comercial\/wp-content\/uploads\/2023\/06\/Caseta-Multiproposito.-min-269x300.jpg",269,300,true],"medium_large":["https:\/\/3v.cl\/comercial\/wp-content\/uploads\/2023\/06\/Caseta-Multiproposito.-min.jpg",412,460,false],"large":["https:\/\/3v.cl\/comercial\/wp-content\/uploads\/2023\/06\/Caseta-Multiproposito.-min.jpg",412,460,false],"1536x1536":["https:\/\/3v.cl\/comercial\/wp-content\/uploads\/2023\/06\/Caseta-Multiproposito.-min.jpg",412,460,false],"2048x2048":["https:\/\/3v.cl\/comercial\/wp-content\/uploads\/2023\/06\/Caseta-Multiproposito.-min.jpg",412,460,false],"mailpoet_newsletter_max":["https:\/\/3v.cl\/comercial\/wp-content\/uploads\/2023\/06\/Caseta-Multiproposito.-min.jpg",412,460,false],"woocommerce_thumbnail":["https:\/\/3v.cl\/comercial\/wp-content\/uploads\/2023\/06\/Caseta-Multiproposito.-min-300x300.jpg",300,300,true],"woocommerce_single":["https:\/\/3v.cl\/comercial\/wp-content\/uploads\/2023\/06\/Caseta-Multiproposito.-min-400x447.jpg",400,447,true],"woocommerce_gallery_thumbnail":["https:\/\/3v.cl\/comercial\/wp-content\/uploads\/2023\/06\/Caseta-Multiproposito.-min-100x100.jpg",100,100,true],"dgwt-wcas-product-suggestion":["https:\/\/3v.cl\/comercial\/wp-content\/uploads\/2023\/06\/Caseta-Multiproposito.-min-64x71.jpg",64,71,true]},"uagb_author_info":{"display_name":"3V","author_link":"https:\/\/3v.cl\/comercial\/author\/"},"uagb_comment_info":0,"uagb_excerpt":"Caseta Multiprop\u00f3sito. Valor iva. Retiro s\u00f3lo en Sucursal (No despachos) *Imagen Referencial","_links":{"self":[{"href":"https:\/\/3v.cl\/comercial\/wp-json\/wp\/v2\/product\/1961","targetHints":{"allow":["GET"]}}],"collection":[{"href":"https:\/\/3v.cl\/comercial\/wp-json\/wp\/v2\/product"}],"about":[{"href":"https:\/\/3v.cl\/comercial\/wp-json\/wp\/v2\/types\/product"}],"replies":[{"embeddable":true,"href":"https:\/\/3v.cl\/comercial\/wp-json\/wp\/v2\/comments?post=1961"}],"wp:featuredmedia":[{"embeddable":true,"href":"https:\/\/3v.cl\/comercial\/wp-json\/wp\/v2\/media\/5186"}],"wp:attachment":[{"href":"https:\/\/3v.cl\/comercial\/wp-json\/wp\/v2\/media?parent=1961"}],"wp:term":[{"taxonomy":"product_brand","embeddable":true,"href":"https:\/\/3v.cl\/comercial\/wp-json\/wp\/v2\/product_brand?post=1961"},{"taxonomy":"product_cat","embeddable":true,"href":"https:\/\/3v.cl\/comercial\/wp-json\/wp\/v2\/product_cat?post=1961"},{"taxonomy":"product_tag","embeddable":true,"href":"https:\/\/3v.cl\/comercial\/wp-json\/wp\/v2\/product_tag?post=1961"}],"curies":[{"name":"wp","href":"https:\/\/api.w.org\/{rel}","templated":true}]}}