{"id":1958,"date":"2023-06-01T21:17:17","date_gmt":"2023-06-02T01:17:17","guid":{"rendered":"https:\/\/comercial.3v.cl\/?post_type=product&#038;p=1958"},"modified":"2026-04-24T09:05:00","modified_gmt":"2026-04-24T13:05:00","slug":"camilla-espinal","status":"publish","type":"product","link":"https:\/\/3v.cl\/comercial\/camilla-espinal\/","title":{"rendered":"Camilla Espinal Abs."},"content":{"rendered":"<p><strong>Caracter\u00edsticas:<\/strong> <\/p>\n<p>Fabricada en material pl\u00e1stico de alta resistencia, cuenta con sujetadores en ambos lados, para la postura de correas o de tipo ara\u00f1a e inmovilizadores de cabeza. Su construcci\u00f3n de pol\u00edmero de alta resistencia, de superficie lavable y as\u00e9ptica.<\/p>\n<p><strong>Especificaciones:<\/strong><\/p>\n<p>Medidas: 183x45x5cm<\/p>\n<p>capacidad de carga: 158 Kg.<\/p>\n<p>Peso Neto: 7 Kg.<\/p>\n<p>Cintas de sujeci\u00f3n: 3 Unidades<\/p>\n<p>Dimensiones cintas:180x5cm<\/p>\n<p>Material: ABS<\/p>\n","protected":false},"excerpt":{"rendered":"<p>Camilla Espinal Abs.<\/p>\n<p>Valor iva.<\/p>\n<p><strong>*Imagen Referencial<\/strong><\/p>\n","protected":false},"featured_media":1986,"comment_status":"open","ping_status":"closed","template":"","meta":{"_uag_custom_page_level_css":"","site-sidebar-layout":"default","site-content-layout":"default","ast-site-content-layout":"default","site-content-style":"default","site-sidebar-style":"default","ast-global-header-display":"","ast-banner-title-visibility":"","ast-main-header-display":"","ast-hfb-above-header-display":"","ast-hfb-below-header-display":"","ast-hfb-mobile-header-display":"","site-post-title":"","ast-breadcrumbs-content":"","ast-featured-img":"","footer-sml-layout":"","ast-disable-related-posts":"","theme-transparent-header-meta":"default","adv-header-id-meta":"","stick-header-meta":"","header-above-stick-meta":"","header-main-stick-meta":"","header-below-stick-meta":"","astra-migrate-meta-layouts":"default","ast-page-background-enabled":"default","ast-page-background-meta":{"desktop":{"background-color":"var(--ast-global-color-4)","background-image":"","background-repeat":"repeat","background-position":"center center","background-size":"auto","background-attachment":"scroll","background-type":"","background-media":"","overlay-type":"","overlay-color":"","overlay-opacity":"","overlay-gradient":""},"tablet":{"background-color":"","background-image":"","background-repeat":"repeat","background-position":"center center","background-size":"auto","background-attachment":"scroll","background-type":"","background-media":"","overlay-type":"","overlay-color":"","overlay-opacity":"","overlay-gradient":""},"mobile":{"background-color":"","background-image":"","background-repeat":"repeat","background-position":"center center","background-size":"auto","background-attachment":"scroll","background-type":"","background-media":"","overlay-type":"","overlay-color":"","overlay-opacity":"","overlay-gradient":""}},"ast-content-background-meta":{"desktop":{"background-color":"var(--ast-global-color-5)","background-image":"","background-repeat":"repeat","background-position":"center center","background-size":"auto","background-attachment":"scroll","background-type":"","background-media":"","overlay-type":"","overlay-color":"","overlay-opacity":"","overlay-gradient":""},"tablet":{"background-color":"var(--ast-global-color-5)","background-image":"","background-repeat":"repeat","background-position":"center center","background-size":"auto","background-attachment":"scroll","background-type":"","background-media":"","overlay-type":"","overlay-color":"","overlay-opacity":"","overlay-gradient":""},"mobile":{"background-color":"var(--ast-global-color-5)","background-image":"","background-repeat":"repeat","background-position":"center center","background-size":"auto","background-attachment":"scroll","background-type":"","background-media":"","overlay-type":"","overlay-color":"","overlay-opacity":"","overlay-gradient":""}}},"product_brand":[],"product_cat":[32,85],"product_tag":[],"class_list":{"0":"post-1958","1":"product","2":"type-product","3":"status-publish","4":"has-post-thumbnail","6":"product_cat-area-industrial","7":"product_cat-control-de-emergencia-area-industrial","8":"desktop-align-left","9":"tablet-align-left","10":"mobile-align-left","12":"first","13":"instock","14":"taxable","15":"shipping-taxable","16":"purchasable","17":"product-type-simple"},"yoast_head":"<!-- This site is optimized with the Yoast SEO plugin v27.4 - https:\/\/yoast.com\/product\/yoast-seo-wordpress\/ -->\n<title>Camilla Espinal Abs. - 3V Comercial<\/title>\n<meta name=\"robots\" content=\"index, follow, max-snippet:-1, max-image-preview:large, max-video-preview:-1\" \/>\n<link rel=\"canonical\" href=\"https:\/\/3v.cl\/comercial\/camilla-espinal\/\" \/>\n<meta property=\"og:locale\" content=\"es_ES\" \/>\n<meta property=\"og:type\" content=\"article\" \/>\n<meta property=\"og:title\" content=\"Camilla Espinal Abs. - 3V Comercial\" \/>\n<meta property=\"og:description\" content=\"Camilla Espinal Abs.  Valor iva. *Imagen Referencial\" \/>\n<meta property=\"og:url\" content=\"https:\/\/3v.cl\/comercial\/camilla-espinal\/\" \/>\n<meta property=\"og:site_name\" content=\"3V Comercial\" \/>\n<meta property=\"article:modified_time\" content=\"2026-04-24T13:05:00+00:00\" \/>\n<meta property=\"og:image\" content=\"https:\/\/3v.cl\/comercial\/wp-content\/uploads\/2023\/06\/camilla-espinal.jpg\" \/>\n\t<meta property=\"og:image:width\" content=\"1000\" \/>\n\t<meta property=\"og:image:height\" content=\"1000\" \/>\n\t<meta property=\"og:image:type\" content=\"image\/jpeg\" \/>\n<meta name=\"twitter:card\" content=\"summary_large_image\" \/>\n<script type=\"application\/ld+json\" class=\"yoast-schema-graph\">{\"@context\":\"https:\\\/\\\/schema.org\",\"@graph\":[{\"@type\":\"WebPage\",\"@id\":\"https:\\\/\\\/3v.cl\\\/comercial\\\/camilla-espinal\\\/\",\"url\":\"https:\\\/\\\/3v.cl\\\/comercial\\\/camilla-espinal\\\/\",\"name\":\"Camilla Espinal Abs. - 3V Comercial\",\"isPartOf\":{\"@id\":\"https:\\\/\\\/3v.cl\\\/comercial\\\/#website\"},\"primaryImageOfPage\":{\"@id\":\"https:\\\/\\\/3v.cl\\\/comercial\\\/camilla-espinal\\\/#primaryimage\"},\"image\":{\"@id\":\"https:\\\/\\\/3v.cl\\\/comercial\\\/camilla-espinal\\\/#primaryimage\"},\"thumbnailUrl\":\"https:\\\/\\\/3v.cl\\\/comercial\\\/wp-content\\\/uploads\\\/2023\\\/06\\\/camilla-espinal.jpg\",\"datePublished\":\"2023-06-02T01:17:17+00:00\",\"dateModified\":\"2026-04-24T13:05:00+00:00\",\"breadcrumb\":{\"@id\":\"https:\\\/\\\/3v.cl\\\/comercial\\\/camilla-espinal\\\/#breadcrumb\"},\"inLanguage\":\"es\",\"potentialAction\":[{\"@type\":\"ReadAction\",\"target\":[\"https:\\\/\\\/3v.cl\\\/comercial\\\/camilla-espinal\\\/\"]}]},{\"@type\":\"ImageObject\",\"inLanguage\":\"es\",\"@id\":\"https:\\\/\\\/3v.cl\\\/comercial\\\/camilla-espinal\\\/#primaryimage\",\"url\":\"https:\\\/\\\/3v.cl\\\/comercial\\\/wp-content\\\/uploads\\\/2023\\\/06\\\/camilla-espinal.jpg\",\"contentUrl\":\"https:\\\/\\\/3v.cl\\\/comercial\\\/wp-content\\\/uploads\\\/2023\\\/06\\\/camilla-espinal.jpg\",\"width\":1000,\"height\":1000},{\"@type\":\"BreadcrumbList\",\"@id\":\"https:\\\/\\\/3v.cl\\\/comercial\\\/camilla-espinal\\\/#breadcrumb\",\"itemListElement\":[{\"@type\":\"ListItem\",\"position\":1,\"name\":\"Inicio\",\"item\":\"https:\\\/\\\/3v.cl\\\/comercial\\\/\"},{\"@type\":\"ListItem\",\"position\":2,\"name\":\"Productos\",\"item\":\"https:\\\/\\\/3v.cl\\\/comercial\\\/shop\\\/\"},{\"@type\":\"ListItem\",\"position\":3,\"name\":\"Area Industrial\",\"item\":\"https:\\\/\\\/3v.cl\\\/comercial\\\/categoria-producto\\\/area-industrial\\\/\"},{\"@type\":\"ListItem\",\"position\":4,\"name\":\"Control de Emergencia\",\"item\":\"https:\\\/\\\/3v.cl\\\/comercial\\\/categoria-producto\\\/area-industrial\\\/control-de-emergencia-area-industrial\\\/\"},{\"@type\":\"ListItem\",\"position\":5,\"name\":\"Camilla Espinal Abs.\"}]},{\"@type\":\"WebSite\",\"@id\":\"https:\\\/\\\/3v.cl\\\/comercial\\\/#website\",\"url\":\"https:\\\/\\\/3v.cl\\\/comercial\\\/\",\"name\":\"3V Comercial\",\"description\":\"Productos industriales y Miner\u00eda.\",\"publisher\":{\"@id\":\"https:\\\/\\\/3v.cl\\\/comercial\\\/#organization\"},\"alternateName\":\"3V\",\"potentialAction\":[{\"@type\":\"SearchAction\",\"target\":{\"@type\":\"EntryPoint\",\"urlTemplate\":\"https:\\\/\\\/3v.cl\\\/comercial\\\/?s={search_term_string}\"},\"query-input\":{\"@type\":\"PropertyValueSpecification\",\"valueRequired\":true,\"valueName\":\"search_term_string\"}}],\"inLanguage\":\"es\"},{\"@type\":\"Organization\",\"@id\":\"https:\\\/\\\/3v.cl\\\/comercial\\\/#organization\",\"name\":\"Valenzuela y Valenzuela Ltda.\",\"alternateName\":\"3V Comercial\",\"url\":\"https:\\\/\\\/3v.cl\\\/comercial\\\/\",\"logo\":{\"@type\":\"ImageObject\",\"inLanguage\":\"es\",\"@id\":\"https:\\\/\\\/3v.cl\\\/comercial\\\/#\\\/schema\\\/logo\\\/image\\\/\",\"url\":\"https:\\\/\\\/i0.wp.com\\\/3v.cl\\\/comercial\\\/wp-content\\\/uploads\\\/2024\\\/11\\\/3v_Circular-2.jpg?fit=146%2C146&ssl=1\",\"contentUrl\":\"https:\\\/\\\/i0.wp.com\\\/3v.cl\\\/comercial\\\/wp-content\\\/uploads\\\/2024\\\/11\\\/3v_Circular-2.jpg?fit=146%2C146&ssl=1\",\"width\":146,\"height\":146,\"caption\":\"Valenzuela y Valenzuela Ltda.\"},\"image\":{\"@id\":\"https:\\\/\\\/3v.cl\\\/comercial\\\/#\\\/schema\\\/logo\\\/image\\\/\"}}]}<\/script>\n<!-- \/ Yoast SEO plugin. -->","yoast_head_json":{"title":"Camilla Espinal Abs. - 3V Comercial","robots":{"index":"index","follow":"follow","max-snippet":"max-snippet:-1","max-image-preview":"max-image-preview:large","max-video-preview":"max-video-preview:-1"},"canonical":"https:\/\/3v.cl\/comercial\/camilla-espinal\/","og_locale":"es_ES","og_type":"article","og_title":"Camilla Espinal Abs. - 3V Comercial","og_description":"Camilla Espinal Abs.  Valor iva. *Imagen Referencial","og_url":"https:\/\/3v.cl\/comercial\/camilla-espinal\/","og_site_name":"3V Comercial","article_modified_time":"2026-04-24T13:05:00+00:00","og_image":[{"width":1000,"height":1000,"url":"https:\/\/3v.cl\/comercial\/wp-content\/uploads\/2023\/06\/camilla-espinal.jpg","type":"image\/jpeg"}],"twitter_card":"summary_large_image","schema":{"@context":"https:\/\/schema.org","@graph":[{"@type":"WebPage","@id":"https:\/\/3v.cl\/comercial\/camilla-espinal\/","url":"https:\/\/3v.cl\/comercial\/camilla-espinal\/","name":"Camilla Espinal Abs. - 3V Comercial","isPartOf":{"@id":"https:\/\/3v.cl\/comercial\/#website"},"primaryImageOfPage":{"@id":"https:\/\/3v.cl\/comercial\/camilla-espinal\/#primaryimage"},"image":{"@id":"https:\/\/3v.cl\/comercial\/camilla-espinal\/#primaryimage"},"thumbnailUrl":"https:\/\/3v.cl\/comercial\/wp-content\/uploads\/2023\/06\/camilla-espinal.jpg","datePublished":"2023-06-02T01:17:17+00:00","dateModified":"2026-04-24T13:05:00+00:00","breadcrumb":{"@id":"https:\/\/3v.cl\/comercial\/camilla-espinal\/#breadcrumb"},"inLanguage":"es","potentialAction":[{"@type":"ReadAction","target":["https:\/\/3v.cl\/comercial\/camilla-espinal\/"]}]},{"@type":"ImageObject","inLanguage":"es","@id":"https:\/\/3v.cl\/comercial\/camilla-espinal\/#primaryimage","url":"https:\/\/3v.cl\/comercial\/wp-content\/uploads\/2023\/06\/camilla-espinal.jpg","contentUrl":"https:\/\/3v.cl\/comercial\/wp-content\/uploads\/2023\/06\/camilla-espinal.jpg","width":1000,"height":1000},{"@type":"BreadcrumbList","@id":"https:\/\/3v.cl\/comercial\/camilla-espinal\/#breadcrumb","itemListElement":[{"@type":"ListItem","position":1,"name":"Inicio","item":"https:\/\/3v.cl\/comercial\/"},{"@type":"ListItem","position":2,"name":"Productos","item":"https:\/\/3v.cl\/comercial\/shop\/"},{"@type":"ListItem","position":3,"name":"Area Industrial","item":"https:\/\/3v.cl\/comercial\/categoria-producto\/area-industrial\/"},{"@type":"ListItem","position":4,"name":"Control de Emergencia","item":"https:\/\/3v.cl\/comercial\/categoria-producto\/area-industrial\/control-de-emergencia-area-industrial\/"},{"@type":"ListItem","position":5,"name":"Camilla Espinal Abs."}]},{"@type":"WebSite","@id":"https:\/\/3v.cl\/comercial\/#website","url":"https:\/\/3v.cl\/comercial\/","name":"3V Comercial","description":"Productos industriales y Miner\u00eda.","publisher":{"@id":"https:\/\/3v.cl\/comercial\/#organization"},"alternateName":"3V","potentialAction":[{"@type":"SearchAction","target":{"@type":"EntryPoint","urlTemplate":"https:\/\/3v.cl\/comercial\/?s={search_term_string}"},"query-input":{"@type":"PropertyValueSpecification","valueRequired":true,"valueName":"search_term_string"}}],"inLanguage":"es"},{"@type":"Organization","@id":"https:\/\/3v.cl\/comercial\/#organization","name":"Valenzuela y Valenzuela Ltda.","alternateName":"3V Comercial","url":"https:\/\/3v.cl\/comercial\/","logo":{"@type":"ImageObject","inLanguage":"es","@id":"https:\/\/3v.cl\/comercial\/#\/schema\/logo\/image\/","url":"https:\/\/i0.wp.com\/3v.cl\/comercial\/wp-content\/uploads\/2024\/11\/3v_Circular-2.jpg?fit=146%2C146&ssl=1","contentUrl":"https:\/\/i0.wp.com\/3v.cl\/comercial\/wp-content\/uploads\/2024\/11\/3v_Circular-2.jpg?fit=146%2C146&ssl=1","width":146,"height":146,"caption":"Valenzuela y Valenzuela Ltda."},"image":{"@id":"https:\/\/3v.cl\/comercial\/#\/schema\/logo\/image\/"}}]}},"uagb_featured_image_src":{"full":["https:\/\/3v.cl\/comercial\/wp-content\/uploads\/2023\/06\/camilla-espinal.jpg",1000,1000,false],"thumbnail":["https:\/\/3v.cl\/comercial\/wp-content\/uploads\/2023\/06\/camilla-espinal.jpg",150,150,false],"medium":["https:\/\/3v.cl\/comercial\/wp-content\/uploads\/2023\/06\/camilla-espinal.jpg",300,300,false],"medium_large":["https:\/\/3v.cl\/comercial\/wp-content\/uploads\/2023\/06\/camilla-espinal.jpg",768,768,false],"large":["https:\/\/3v.cl\/comercial\/wp-content\/uploads\/2023\/06\/camilla-espinal.jpg",600,600,false],"1536x1536":["https:\/\/3v.cl\/comercial\/wp-content\/uploads\/2023\/06\/camilla-espinal.jpg",1000,1000,false],"2048x2048":["https:\/\/3v.cl\/comercial\/wp-content\/uploads\/2023\/06\/camilla-espinal.jpg",1000,1000,false],"mailpoet_newsletter_max":["https:\/\/3v.cl\/comercial\/wp-content\/uploads\/2023\/06\/camilla-espinal.jpg",1000,1000,false],"woocommerce_thumbnail":["https:\/\/3v.cl\/comercial\/wp-content\/uploads\/2023\/06\/camilla-espinal-300x300.jpg",300,300,true],"woocommerce_single":["https:\/\/3v.cl\/comercial\/wp-content\/uploads\/2023\/06\/camilla-espinal-400x400.jpg",400,400,true],"woocommerce_gallery_thumbnail":["https:\/\/3v.cl\/comercial\/wp-content\/uploads\/2023\/06\/camilla-espinal-100x100.jpg",100,100,true],"dgwt-wcas-product-suggestion":["https:\/\/3v.cl\/comercial\/wp-content\/uploads\/2023\/06\/camilla-espinal-64x64.jpg",64,64,true]},"uagb_author_info":{"display_name":"3V","author_link":"https:\/\/3v.cl\/comercial\/author\/"},"uagb_comment_info":0,"uagb_excerpt":"Camilla Espinal Abs. Valor iva. *Imagen Referencial","_links":{"self":[{"href":"https:\/\/3v.cl\/comercial\/wp-json\/wp\/v2\/product\/1958","targetHints":{"allow":["GET"]}}],"collection":[{"href":"https:\/\/3v.cl\/comercial\/wp-json\/wp\/v2\/product"}],"about":[{"href":"https:\/\/3v.cl\/comercial\/wp-json\/wp\/v2\/types\/product"}],"replies":[{"embeddable":true,"href":"https:\/\/3v.cl\/comercial\/wp-json\/wp\/v2\/comments?post=1958"}],"wp:featuredmedia":[{"embeddable":true,"href":"https:\/\/3v.cl\/comercial\/wp-json\/wp\/v2\/media\/1986"}],"wp:attachment":[{"href":"https:\/\/3v.cl\/comercial\/wp-json\/wp\/v2\/media?parent=1958"}],"wp:term":[{"taxonomy":"product_brand","embeddable":true,"href":"https:\/\/3v.cl\/comercial\/wp-json\/wp\/v2\/product_brand?post=1958"},{"taxonomy":"product_cat","embeddable":true,"href":"https:\/\/3v.cl\/comercial\/wp-json\/wp\/v2\/product_cat?post=1958"},{"taxonomy":"product_tag","embeddable":true,"href":"https:\/\/3v.cl\/comercial\/wp-json\/wp\/v2\/product_tag?post=1958"}],"curies":[{"name":"wp","href":"https:\/\/api.w.org\/{rel}","templated":true}]}}