{"id":11526,"date":"2026-03-27T08:48:38","date_gmt":"2026-03-27T11:48:38","guid":{"rendered":"https:\/\/3v.cl\/comercial\/?post_type=product&#038;p=11526"},"modified":"2026-04-16T16:17:03","modified_gmt":"2026-04-16T20:17:03","slug":"huincha-de-medir-5mt-x-19mm-wokin","status":"publish","type":"product","link":"https:\/\/3v.cl\/comercial\/huincha-de-medir-5mt-x-19mm-wokin\/","title":{"rendered":"Huincha de Medir 5mt x 19mm &#8211; Wokin"},"content":{"rendered":"<p>La huincha de medir 5 m x 19 mm Wokin es una herramienta confiable para mediciones precisas en construcci\u00f3n y bricolaje. Cuenta con escala doble en sistema m\u00e9trico e imperial, precisi\u00f3n clase MID 2 y funci\u00f3n de autobloqueo para mayor comodidad.<\/p>\n<p>Su cinta con recubrimiento acr\u00edlico resistente y doble gancho mejora la durabilidad y exactitud, mientras que su carcasa de ABS con TPR ofrece un agarre firme y protecci\u00f3n contra impactos. Se presenta en empaque tipo blister con caja.<\/p>\n","protected":false},"excerpt":{"rendered":"<p>*IMAGEN REFERENCIAL*<\/p>\n","protected":false},"featured_media":11527,"comment_status":"open","ping_status":"closed","template":"","meta":{"_uag_custom_page_level_css":"","site-sidebar-layout":"default","site-content-layout":"","ast-site-content-layout":"default","site-content-style":"default","site-sidebar-style":"default","ast-global-header-display":"","ast-banner-title-visibility":"","ast-main-header-display":"","ast-hfb-above-header-display":"","ast-hfb-below-header-display":"","ast-hfb-mobile-header-display":"","site-post-title":"","ast-breadcrumbs-content":"","ast-featured-img":"","footer-sml-layout":"","ast-disable-related-posts":"","theme-transparent-header-meta":"default","adv-header-id-meta":"","stick-header-meta":"","header-above-stick-meta":"","header-main-stick-meta":"","header-below-stick-meta":"","astra-migrate-meta-layouts":"set","ast-page-background-enabled":"default","ast-page-background-meta":{"desktop":{"background-color":"var(--ast-global-color-4)","background-image":"","background-repeat":"repeat","background-position":"center center","background-size":"auto","background-attachment":"scroll","background-type":"","background-media":"","overlay-type":"","overlay-color":"","overlay-opacity":"","overlay-gradient":""},"tablet":{"background-color":"","background-image":"","background-repeat":"repeat","background-position":"center center","background-size":"auto","background-attachment":"scroll","background-type":"","background-media":"","overlay-type":"","overlay-color":"","overlay-opacity":"","overlay-gradient":""},"mobile":{"background-color":"","background-image":"","background-repeat":"repeat","background-position":"center center","background-size":"auto","background-attachment":"scroll","background-type":"","background-media":"","overlay-type":"","overlay-color":"","overlay-opacity":"","overlay-gradient":""}},"ast-content-background-meta":{"desktop":{"background-color":"var(--ast-global-color-5)","background-image":"","background-repeat":"repeat","background-position":"center center","background-size":"auto","background-attachment":"scroll","background-type":"","background-media":"","overlay-type":"","overlay-color":"","overlay-opacity":"","overlay-gradient":""},"tablet":{"background-color":"var(--ast-global-color-5)","background-image":"","background-repeat":"repeat","background-position":"center center","background-size":"auto","background-attachment":"scroll","background-type":"","background-media":"","overlay-type":"","overlay-color":"","overlay-opacity":"","overlay-gradient":""},"mobile":{"background-color":"var(--ast-global-color-5)","background-image":"","background-repeat":"repeat","background-position":"center center","background-size":"auto","background-attachment":"scroll","background-type":"","background-media":"","overlay-type":"","overlay-color":"","overlay-opacity":"","overlay-gradient":""}}},"product_brand":[],"product_cat":[235],"product_tag":[],"class_list":{"0":"post-11526","1":"product","2":"type-product","3":"status-publish","4":"has-post-thumbnail","6":"product_cat-herramientas-manuales","7":"desktop-align-left","8":"tablet-align-left","9":"mobile-align-left","11":"first","12":"instock","13":"taxable","14":"shipping-taxable","15":"purchasable","16":"product-type-simple"},"yoast_head":"<!-- This site is optimized with the Yoast SEO plugin v27.4 - https:\/\/yoast.com\/product\/yoast-seo-wordpress\/ -->\n<title>Huincha de Medir 5mt x 19mm - Wokin - 3V Comercial<\/title>\n<meta name=\"robots\" content=\"index, follow, max-snippet:-1, max-image-preview:large, max-video-preview:-1\" \/>\n<link rel=\"canonical\" href=\"https:\/\/3v.cl\/comercial\/huincha-de-medir-5mt-x-19mm-wokin\/\" \/>\n<meta property=\"og:locale\" content=\"es_ES\" \/>\n<meta property=\"og:type\" content=\"article\" \/>\n<meta property=\"og:title\" content=\"Huincha de Medir 5mt x 19mm - Wokin - 3V Comercial\" \/>\n<meta property=\"og:description\" content=\"*IMAGEN REFERENCIAL*\" \/>\n<meta property=\"og:url\" content=\"https:\/\/3v.cl\/comercial\/huincha-de-medir-5mt-x-19mm-wokin\/\" \/>\n<meta property=\"og:site_name\" content=\"3V Comercial\" \/>\n<meta property=\"article:modified_time\" content=\"2026-04-16T20:17:03+00:00\" \/>\n<meta property=\"og:image\" content=\"https:\/\/3v.cl\/comercial\/wp-content\/uploads\/2026\/03\/HM-256.png\" \/>\n\t<meta property=\"og:image:width\" content=\"869\" \/>\n\t<meta property=\"og:image:height\" content=\"648\" \/>\n\t<meta property=\"og:image:type\" content=\"image\/png\" \/>\n<meta name=\"twitter:card\" content=\"summary_large_image\" \/>\n<meta name=\"twitter:label1\" content=\"Tiempo de lectura\" \/>\n\t<meta name=\"twitter:data1\" content=\"1 minuto\" \/>\n<script type=\"application\/ld+json\" class=\"yoast-schema-graph\">{\"@context\":\"https:\\\/\\\/schema.org\",\"@graph\":[{\"@type\":\"WebPage\",\"@id\":\"https:\\\/\\\/3v.cl\\\/comercial\\\/huincha-de-medir-5mt-x-19mm-wokin\\\/\",\"url\":\"https:\\\/\\\/3v.cl\\\/comercial\\\/huincha-de-medir-5mt-x-19mm-wokin\\\/\",\"name\":\"Huincha de Medir 5mt x 19mm - Wokin - 3V Comercial\",\"isPartOf\":{\"@id\":\"https:\\\/\\\/3v.cl\\\/comercial\\\/#website\"},\"primaryImageOfPage\":{\"@id\":\"https:\\\/\\\/3v.cl\\\/comercial\\\/huincha-de-medir-5mt-x-19mm-wokin\\\/#primaryimage\"},\"image\":{\"@id\":\"https:\\\/\\\/3v.cl\\\/comercial\\\/huincha-de-medir-5mt-x-19mm-wokin\\\/#primaryimage\"},\"thumbnailUrl\":\"https:\\\/\\\/3v.cl\\\/comercial\\\/wp-content\\\/uploads\\\/2026\\\/03\\\/HM-256.png\",\"datePublished\":\"2026-03-27T11:48:38+00:00\",\"dateModified\":\"2026-04-16T20:17:03+00:00\",\"breadcrumb\":{\"@id\":\"https:\\\/\\\/3v.cl\\\/comercial\\\/huincha-de-medir-5mt-x-19mm-wokin\\\/#breadcrumb\"},\"inLanguage\":\"es\",\"potentialAction\":[{\"@type\":\"ReadAction\",\"target\":[\"https:\\\/\\\/3v.cl\\\/comercial\\\/huincha-de-medir-5mt-x-19mm-wokin\\\/\"]}]},{\"@type\":\"ImageObject\",\"inLanguage\":\"es\",\"@id\":\"https:\\\/\\\/3v.cl\\\/comercial\\\/huincha-de-medir-5mt-x-19mm-wokin\\\/#primaryimage\",\"url\":\"https:\\\/\\\/3v.cl\\\/comercial\\\/wp-content\\\/uploads\\\/2026\\\/03\\\/HM-256.png\",\"contentUrl\":\"https:\\\/\\\/3v.cl\\\/comercial\\\/wp-content\\\/uploads\\\/2026\\\/03\\\/HM-256.png\",\"width\":869,\"height\":648},{\"@type\":\"BreadcrumbList\",\"@id\":\"https:\\\/\\\/3v.cl\\\/comercial\\\/huincha-de-medir-5mt-x-19mm-wokin\\\/#breadcrumb\",\"itemListElement\":[{\"@type\":\"ListItem\",\"position\":1,\"name\":\"Inicio\",\"item\":\"https:\\\/\\\/3v.cl\\\/comercial\\\/\"},{\"@type\":\"ListItem\",\"position\":2,\"name\":\"Productos\",\"item\":\"https:\\\/\\\/3v.cl\\\/comercial\\\/shop\\\/\"},{\"@type\":\"ListItem\",\"position\":3,\"name\":\"Herramientas\",\"item\":\"https:\\\/\\\/3v.cl\\\/comercial\\\/categoria-producto\\\/herramientas\\\/\"},{\"@type\":\"ListItem\",\"position\":4,\"name\":\"Herramientas Manuales\",\"item\":\"https:\\\/\\\/3v.cl\\\/comercial\\\/categoria-producto\\\/herramientas\\\/herramientas-manuales\\\/\"},{\"@type\":\"ListItem\",\"position\":5,\"name\":\"Huincha de Medir 5mt x 19mm &#8211; Wokin\"}]},{\"@type\":\"WebSite\",\"@id\":\"https:\\\/\\\/3v.cl\\\/comercial\\\/#website\",\"url\":\"https:\\\/\\\/3v.cl\\\/comercial\\\/\",\"name\":\"3V Comercial\",\"description\":\"Productos industriales y Miner\u00eda.\",\"publisher\":{\"@id\":\"https:\\\/\\\/3v.cl\\\/comercial\\\/#organization\"},\"alternateName\":\"3V\",\"potentialAction\":[{\"@type\":\"SearchAction\",\"target\":{\"@type\":\"EntryPoint\",\"urlTemplate\":\"https:\\\/\\\/3v.cl\\\/comercial\\\/?s={search_term_string}\"},\"query-input\":{\"@type\":\"PropertyValueSpecification\",\"valueRequired\":true,\"valueName\":\"search_term_string\"}}],\"inLanguage\":\"es\"},{\"@type\":\"Organization\",\"@id\":\"https:\\\/\\\/3v.cl\\\/comercial\\\/#organization\",\"name\":\"Valenzuela y Valenzuela Ltda.\",\"alternateName\":\"3V Comercial\",\"url\":\"https:\\\/\\\/3v.cl\\\/comercial\\\/\",\"logo\":{\"@type\":\"ImageObject\",\"inLanguage\":\"es\",\"@id\":\"https:\\\/\\\/3v.cl\\\/comercial\\\/#\\\/schema\\\/logo\\\/image\\\/\",\"url\":\"https:\\\/\\\/i0.wp.com\\\/3v.cl\\\/comercial\\\/wp-content\\\/uploads\\\/2024\\\/11\\\/3v_Circular-2.jpg?fit=146%2C146&ssl=1\",\"contentUrl\":\"https:\\\/\\\/i0.wp.com\\\/3v.cl\\\/comercial\\\/wp-content\\\/uploads\\\/2024\\\/11\\\/3v_Circular-2.jpg?fit=146%2C146&ssl=1\",\"width\":146,\"height\":146,\"caption\":\"Valenzuela y Valenzuela Ltda.\"},\"image\":{\"@id\":\"https:\\\/\\\/3v.cl\\\/comercial\\\/#\\\/schema\\\/logo\\\/image\\\/\"}}]}<\/script>\n<!-- \/ Yoast SEO plugin. -->","yoast_head_json":{"title":"Huincha de Medir 5mt x 19mm - Wokin - 3V Comercial","robots":{"index":"index","follow":"follow","max-snippet":"max-snippet:-1","max-image-preview":"max-image-preview:large","max-video-preview":"max-video-preview:-1"},"canonical":"https:\/\/3v.cl\/comercial\/huincha-de-medir-5mt-x-19mm-wokin\/","og_locale":"es_ES","og_type":"article","og_title":"Huincha de Medir 5mt x 19mm - Wokin - 3V Comercial","og_description":"*IMAGEN REFERENCIAL*","og_url":"https:\/\/3v.cl\/comercial\/huincha-de-medir-5mt-x-19mm-wokin\/","og_site_name":"3V Comercial","article_modified_time":"2026-04-16T20:17:03+00:00","og_image":[{"width":869,"height":648,"url":"https:\/\/3v.cl\/comercial\/wp-content\/uploads\/2026\/03\/HM-256.png","type":"image\/png"}],"twitter_card":"summary_large_image","twitter_misc":{"Tiempo de lectura":"1 minuto"},"schema":{"@context":"https:\/\/schema.org","@graph":[{"@type":"WebPage","@id":"https:\/\/3v.cl\/comercial\/huincha-de-medir-5mt-x-19mm-wokin\/","url":"https:\/\/3v.cl\/comercial\/huincha-de-medir-5mt-x-19mm-wokin\/","name":"Huincha de Medir 5mt x 19mm - Wokin - 3V Comercial","isPartOf":{"@id":"https:\/\/3v.cl\/comercial\/#website"},"primaryImageOfPage":{"@id":"https:\/\/3v.cl\/comercial\/huincha-de-medir-5mt-x-19mm-wokin\/#primaryimage"},"image":{"@id":"https:\/\/3v.cl\/comercial\/huincha-de-medir-5mt-x-19mm-wokin\/#primaryimage"},"thumbnailUrl":"https:\/\/3v.cl\/comercial\/wp-content\/uploads\/2026\/03\/HM-256.png","datePublished":"2026-03-27T11:48:38+00:00","dateModified":"2026-04-16T20:17:03+00:00","breadcrumb":{"@id":"https:\/\/3v.cl\/comercial\/huincha-de-medir-5mt-x-19mm-wokin\/#breadcrumb"},"inLanguage":"es","potentialAction":[{"@type":"ReadAction","target":["https:\/\/3v.cl\/comercial\/huincha-de-medir-5mt-x-19mm-wokin\/"]}]},{"@type":"ImageObject","inLanguage":"es","@id":"https:\/\/3v.cl\/comercial\/huincha-de-medir-5mt-x-19mm-wokin\/#primaryimage","url":"https:\/\/3v.cl\/comercial\/wp-content\/uploads\/2026\/03\/HM-256.png","contentUrl":"https:\/\/3v.cl\/comercial\/wp-content\/uploads\/2026\/03\/HM-256.png","width":869,"height":648},{"@type":"BreadcrumbList","@id":"https:\/\/3v.cl\/comercial\/huincha-de-medir-5mt-x-19mm-wokin\/#breadcrumb","itemListElement":[{"@type":"ListItem","position":1,"name":"Inicio","item":"https:\/\/3v.cl\/comercial\/"},{"@type":"ListItem","position":2,"name":"Productos","item":"https:\/\/3v.cl\/comercial\/shop\/"},{"@type":"ListItem","position":3,"name":"Herramientas","item":"https:\/\/3v.cl\/comercial\/categoria-producto\/herramientas\/"},{"@type":"ListItem","position":4,"name":"Herramientas Manuales","item":"https:\/\/3v.cl\/comercial\/categoria-producto\/herramientas\/herramientas-manuales\/"},{"@type":"ListItem","position":5,"name":"Huincha de Medir 5mt x 19mm &#8211; Wokin"}]},{"@type":"WebSite","@id":"https:\/\/3v.cl\/comercial\/#website","url":"https:\/\/3v.cl\/comercial\/","name":"3V Comercial","description":"Productos industriales y Miner\u00eda.","publisher":{"@id":"https:\/\/3v.cl\/comercial\/#organization"},"alternateName":"3V","potentialAction":[{"@type":"SearchAction","target":{"@type":"EntryPoint","urlTemplate":"https:\/\/3v.cl\/comercial\/?s={search_term_string}"},"query-input":{"@type":"PropertyValueSpecification","valueRequired":true,"valueName":"search_term_string"}}],"inLanguage":"es"},{"@type":"Organization","@id":"https:\/\/3v.cl\/comercial\/#organization","name":"Valenzuela y Valenzuela Ltda.","alternateName":"3V Comercial","url":"https:\/\/3v.cl\/comercial\/","logo":{"@type":"ImageObject","inLanguage":"es","@id":"https:\/\/3v.cl\/comercial\/#\/schema\/logo\/image\/","url":"https:\/\/i0.wp.com\/3v.cl\/comercial\/wp-content\/uploads\/2024\/11\/3v_Circular-2.jpg?fit=146%2C146&ssl=1","contentUrl":"https:\/\/i0.wp.com\/3v.cl\/comercial\/wp-content\/uploads\/2024\/11\/3v_Circular-2.jpg?fit=146%2C146&ssl=1","width":146,"height":146,"caption":"Valenzuela y Valenzuela Ltda."},"image":{"@id":"https:\/\/3v.cl\/comercial\/#\/schema\/logo\/image\/"}}]}},"uagb_featured_image_src":{"full":["https:\/\/3v.cl\/comercial\/wp-content\/uploads\/2026\/03\/HM-256.png",869,648,false],"thumbnail":["https:\/\/3v.cl\/comercial\/wp-content\/uploads\/2026\/03\/HM-256-150x150.png",150,150,true],"medium":["https:\/\/3v.cl\/comercial\/wp-content\/uploads\/2026\/03\/HM-256-300x224.png",300,224,true],"medium_large":["https:\/\/3v.cl\/comercial\/wp-content\/uploads\/2026\/03\/HM-256-768x573.png",768,573,true],"large":["https:\/\/3v.cl\/comercial\/wp-content\/uploads\/2026\/03\/HM-256-600x447.png",600,447,true],"1536x1536":["https:\/\/3v.cl\/comercial\/wp-content\/uploads\/2026\/03\/HM-256.png",869,648,false],"2048x2048":["https:\/\/3v.cl\/comercial\/wp-content\/uploads\/2026\/03\/HM-256.png",869,648,false],"mailpoet_newsletter_max":["https:\/\/3v.cl\/comercial\/wp-content\/uploads\/2026\/03\/HM-256.png",869,648,false],"woocommerce_thumbnail":["https:\/\/3v.cl\/comercial\/wp-content\/uploads\/2026\/03\/HM-256-300x300.png",300,300,true],"woocommerce_single":["https:\/\/3v.cl\/comercial\/wp-content\/uploads\/2026\/03\/HM-256-400x298.png",400,298,true],"woocommerce_gallery_thumbnail":["https:\/\/3v.cl\/comercial\/wp-content\/uploads\/2026\/03\/HM-256-100x100.png",100,100,true],"dgwt-wcas-product-suggestion":["https:\/\/3v.cl\/comercial\/wp-content\/uploads\/2026\/03\/HM-256-64x48.png",64,48,true]},"uagb_author_info":{"display_name":"3V","author_link":"https:\/\/3v.cl\/comercial\/author\/"},"uagb_comment_info":0,"uagb_excerpt":"*IMAGEN REFERENCIAL*","_links":{"self":[{"href":"https:\/\/3v.cl\/comercial\/wp-json\/wp\/v2\/product\/11526","targetHints":{"allow":["GET"]}}],"collection":[{"href":"https:\/\/3v.cl\/comercial\/wp-json\/wp\/v2\/product"}],"about":[{"href":"https:\/\/3v.cl\/comercial\/wp-json\/wp\/v2\/types\/product"}],"replies":[{"embeddable":true,"href":"https:\/\/3v.cl\/comercial\/wp-json\/wp\/v2\/comments?post=11526"}],"wp:featuredmedia":[{"embeddable":true,"href":"https:\/\/3v.cl\/comercial\/wp-json\/wp\/v2\/media\/11527"}],"wp:attachment":[{"href":"https:\/\/3v.cl\/comercial\/wp-json\/wp\/v2\/media?parent=11526"}],"wp:term":[{"taxonomy":"product_brand","embeddable":true,"href":"https:\/\/3v.cl\/comercial\/wp-json\/wp\/v2\/product_brand?post=11526"},{"taxonomy":"product_cat","embeddable":true,"href":"https:\/\/3v.cl\/comercial\/wp-json\/wp\/v2\/product_cat?post=11526"},{"taxonomy":"product_tag","embeddable":true,"href":"https:\/\/3v.cl\/comercial\/wp-json\/wp\/v2\/product_tag?post=11526"}],"curies":[{"name":"wp","href":"https:\/\/api.w.org\/{rel}","templated":true}]}}