{"id":10415,"date":"2024-12-27T15:02:14","date_gmt":"2024-12-27T18:02:14","guid":{"rendered":"https:\/\/3v.cl\/comercial\/hidrolavadora-ghp-180-1500w-124-bar\/"},"modified":"2026-04-27T10:07:11","modified_gmt":"2026-04-27T14:07:11","slug":"hidrolavadora-ghp-180-1500w-124-bar","status":"publish","type":"product","link":"https:\/\/3v.cl\/comercial\/hidrolavadora-ghp-180-1500w-124-bar\/","title":{"rendered":"Hidrolavadora GHP 180 1500W 124 bar"},"content":{"rendered":"<p>Hidrolavadora Bosch GHP 180<\/p>\n<p><strong>VALOR IVA.<\/strong><\/p>\n","protected":false},"excerpt":{"rendered":"<p>Beneficios y Caracter\u00edsticas del Producto<br \/>\nResultados de limpieza eficientes y r\u00e1pidos mientras ahorras agua.<br \/>\nLimpieza eficaz a alta presi\u00f3n, con consumo reducido, para ahorrar agua en comparaci\u00f3n con la limpieza manual<br \/>\nLimpieza vers\u00e1til con aplicador de detergente, chorro ajustable y boquillas turbo giratorias incluidas<br \/>\nEl sistema de filtrado de agua doble evita que entren residuos en la m\u00e1quina para garantizar una vida \u00fatil m\u00e1s larga<br \/>\nAdaptadores de conexi\u00f3n r\u00e1pida, almacenamiento integrado y dise\u00f1o compacto para una mayor comodidad<\/p>\n<p><strong>*Imagen Referencial<\/strong><\/p>\n","protected":false},"featured_media":10267,"comment_status":"open","ping_status":"closed","template":"","meta":{"_uag_custom_page_level_css":"","site-sidebar-layout":"default","site-content-layout":"","ast-site-content-layout":"default","site-content-style":"default","site-sidebar-style":"default","ast-global-header-display":"","ast-banner-title-visibility":"","ast-main-header-display":"","ast-hfb-above-header-display":"","ast-hfb-below-header-display":"","ast-hfb-mobile-header-display":"","site-post-title":"","ast-breadcrumbs-content":"","ast-featured-img":"","footer-sml-layout":"","ast-disable-related-posts":"","theme-transparent-header-meta":"","adv-header-id-meta":"","stick-header-meta":"","header-above-stick-meta":"","header-main-stick-meta":"","header-below-stick-meta":"","astra-migrate-meta-layouts":"default","ast-page-background-enabled":"default","ast-page-background-meta":{"desktop":{"background-color":"var(--ast-global-color-4)","background-image":"","background-repeat":"repeat","background-position":"center center","background-size":"auto","background-attachment":"scroll","background-type":"","background-media":"","overlay-type":"","overlay-color":"","overlay-opacity":"","overlay-gradient":""},"tablet":{"background-color":"","background-image":"","background-repeat":"repeat","background-position":"center center","background-size":"auto","background-attachment":"scroll","background-type":"","background-media":"","overlay-type":"","overlay-color":"","overlay-opacity":"","overlay-gradient":""},"mobile":{"background-color":"","background-image":"","background-repeat":"repeat","background-position":"center center","background-size":"auto","background-attachment":"scroll","background-type":"","background-media":"","overlay-type":"","overlay-color":"","overlay-opacity":"","overlay-gradient":""}},"ast-content-background-meta":{"desktop":{"background-color":"var(--ast-global-color-5)","background-image":"","background-repeat":"repeat","background-position":"center center","background-size":"auto","background-attachment":"scroll","background-type":"","background-media":"","overlay-type":"","overlay-color":"","overlay-opacity":"","overlay-gradient":""},"tablet":{"background-color":"var(--ast-global-color-5)","background-image":"","background-repeat":"repeat","background-position":"center center","background-size":"auto","background-attachment":"scroll","background-type":"","background-media":"","overlay-type":"","overlay-color":"","overlay-opacity":"","overlay-gradient":""},"mobile":{"background-color":"var(--ast-global-color-5)","background-image":"","background-repeat":"repeat","background-position":"center center","background-size":"auto","background-attachment":"scroll","background-type":"","background-media":"","overlay-type":"","overlay-color":"","overlay-opacity":"","overlay-gradient":""}}},"product_brand":[],"product_cat":[233],"product_tag":[],"class_list":{"0":"post-10415","1":"product","2":"type-product","3":"status-publish","4":"has-post-thumbnail","6":"product_cat-herramientas-electricas","7":"desktop-align-left","8":"tablet-align-left","9":"mobile-align-left","11":"first","12":"instock","13":"taxable","14":"shipping-taxable","15":"purchasable","16":"product-type-simple"},"yoast_head":"<!-- This site is optimized with the Yoast SEO plugin v27.5 - https:\/\/yoast.com\/product\/yoast-seo-wordpress\/ -->\n<title>Hidrolavadora GHP 180 1500W 124 bar - 3V Comercial<\/title>\n<meta name=\"robots\" content=\"index, follow, max-snippet:-1, max-image-preview:large, max-video-preview:-1\" \/>\n<link rel=\"canonical\" href=\"https:\/\/3v.cl\/comercial\/hidrolavadora-ghp-180-1500w-124-bar\/\" \/>\n<meta property=\"og:locale\" content=\"es_ES\" \/>\n<meta property=\"og:type\" content=\"article\" \/>\n<meta property=\"og:title\" content=\"Hidrolavadora GHP 180 1500W 124 bar - 3V Comercial\" \/>\n<meta property=\"og:description\" content=\"Beneficios y Caracter\u00edsticas del Producto Resultados de limpieza eficientes y r\u00e1pidos mientras ahorras agua. Limpieza eficaz a alta presi\u00f3n, con consumo reducido, para ahorrar agua en comparaci\u00f3n con la limpieza manual Limpieza vers\u00e1til con aplicador de detergente, chorro ajustable y boquillas turbo giratorias incluidas El sistema de filtrado de agua doble evita que entren residuos en la m\u00e1quina para garantizar una vida \u00fatil m\u00e1s larga Adaptadores de conexi\u00f3n r\u00e1pida, almacenamiento integrado y dise\u00f1o compacto para una mayor comodidad *Imagen Referencial\" \/>\n<meta property=\"og:url\" content=\"https:\/\/3v.cl\/comercial\/hidrolavadora-ghp-180-1500w-124-bar\/\" \/>\n<meta property=\"og:site_name\" content=\"3V Comercial\" \/>\n<meta property=\"article:modified_time\" content=\"2026-04-27T14:07:11+00:00\" \/>\n<meta property=\"og:image\" content=\"https:\/\/3v.cl\/comercial\/wp-content\/uploads\/2024\/12\/hidrolavadora.jpg\" \/>\n\t<meta property=\"og:image:width\" content=\"300\" \/>\n\t<meta property=\"og:image:height\" content=\"400\" \/>\n\t<meta property=\"og:image:type\" content=\"image\/jpeg\" \/>\n<meta name=\"twitter:card\" content=\"summary_large_image\" \/>\n<script type=\"application\/ld+json\" class=\"yoast-schema-graph\">{\"@context\":\"https:\\\/\\\/schema.org\",\"@graph\":[{\"@type\":\"WebPage\",\"@id\":\"https:\\\/\\\/3v.cl\\\/comercial\\\/hidrolavadora-ghp-180-1500w-124-bar\\\/\",\"url\":\"https:\\\/\\\/3v.cl\\\/comercial\\\/hidrolavadora-ghp-180-1500w-124-bar\\\/\",\"name\":\"Hidrolavadora GHP 180 1500W 124 bar - 3V Comercial\",\"isPartOf\":{\"@id\":\"https:\\\/\\\/3v.cl\\\/comercial\\\/#website\"},\"primaryImageOfPage\":{\"@id\":\"https:\\\/\\\/3v.cl\\\/comercial\\\/hidrolavadora-ghp-180-1500w-124-bar\\\/#primaryimage\"},\"image\":{\"@id\":\"https:\\\/\\\/3v.cl\\\/comercial\\\/hidrolavadora-ghp-180-1500w-124-bar\\\/#primaryimage\"},\"thumbnailUrl\":\"https:\\\/\\\/3v.cl\\\/comercial\\\/wp-content\\\/uploads\\\/2024\\\/12\\\/hidrolavadora.jpg\",\"datePublished\":\"2024-12-27T18:02:14+00:00\",\"dateModified\":\"2026-04-27T14:07:11+00:00\",\"breadcrumb\":{\"@id\":\"https:\\\/\\\/3v.cl\\\/comercial\\\/hidrolavadora-ghp-180-1500w-124-bar\\\/#breadcrumb\"},\"inLanguage\":\"es\",\"potentialAction\":[{\"@type\":\"ReadAction\",\"target\":[\"https:\\\/\\\/3v.cl\\\/comercial\\\/hidrolavadora-ghp-180-1500w-124-bar\\\/\"]}]},{\"@type\":\"ImageObject\",\"inLanguage\":\"es\",\"@id\":\"https:\\\/\\\/3v.cl\\\/comercial\\\/hidrolavadora-ghp-180-1500w-124-bar\\\/#primaryimage\",\"url\":\"https:\\\/\\\/3v.cl\\\/comercial\\\/wp-content\\\/uploads\\\/2024\\\/12\\\/hidrolavadora.jpg\",\"contentUrl\":\"https:\\\/\\\/3v.cl\\\/comercial\\\/wp-content\\\/uploads\\\/2024\\\/12\\\/hidrolavadora.jpg\",\"width\":300,\"height\":400},{\"@type\":\"BreadcrumbList\",\"@id\":\"https:\\\/\\\/3v.cl\\\/comercial\\\/hidrolavadora-ghp-180-1500w-124-bar\\\/#breadcrumb\",\"itemListElement\":[{\"@type\":\"ListItem\",\"position\":1,\"name\":\"Inicio\",\"item\":\"https:\\\/\\\/3v.cl\\\/comercial\\\/\"},{\"@type\":\"ListItem\",\"position\":2,\"name\":\"Productos\",\"item\":\"https:\\\/\\\/3v.cl\\\/comercial\\\/shop\\\/\"},{\"@type\":\"ListItem\",\"position\":3,\"name\":\"Herramientas\",\"item\":\"https:\\\/\\\/3v.cl\\\/comercial\\\/categoria-producto\\\/herramientas\\\/\"},{\"@type\":\"ListItem\",\"position\":4,\"name\":\"Herramientas El\u00e9ctricas\",\"item\":\"https:\\\/\\\/3v.cl\\\/comercial\\\/categoria-producto\\\/herramientas\\\/herramientas-electricas\\\/\"},{\"@type\":\"ListItem\",\"position\":5,\"name\":\"Hidrolavadora GHP 180 1500W 124 bar\"}]},{\"@type\":\"WebSite\",\"@id\":\"https:\\\/\\\/3v.cl\\\/comercial\\\/#website\",\"url\":\"https:\\\/\\\/3v.cl\\\/comercial\\\/\",\"name\":\"3V Comercial\",\"description\":\"Productos industriales y Miner\u00eda.\",\"publisher\":{\"@id\":\"https:\\\/\\\/3v.cl\\\/comercial\\\/#organization\"},\"alternateName\":\"3V\",\"potentialAction\":[{\"@type\":\"SearchAction\",\"target\":{\"@type\":\"EntryPoint\",\"urlTemplate\":\"https:\\\/\\\/3v.cl\\\/comercial\\\/?s={search_term_string}\"},\"query-input\":{\"@type\":\"PropertyValueSpecification\",\"valueRequired\":true,\"valueName\":\"search_term_string\"}}],\"inLanguage\":\"es\"},{\"@type\":\"Organization\",\"@id\":\"https:\\\/\\\/3v.cl\\\/comercial\\\/#organization\",\"name\":\"Valenzuela y Valenzuela Ltda.\",\"alternateName\":\"3V Comercial\",\"url\":\"https:\\\/\\\/3v.cl\\\/comercial\\\/\",\"logo\":{\"@type\":\"ImageObject\",\"inLanguage\":\"es\",\"@id\":\"https:\\\/\\\/3v.cl\\\/comercial\\\/#\\\/schema\\\/logo\\\/image\\\/\",\"url\":\"https:\\\/\\\/i0.wp.com\\\/3v.cl\\\/comercial\\\/wp-content\\\/uploads\\\/2024\\\/11\\\/3v_Circular-2.jpg?fit=146%2C146&ssl=1\",\"contentUrl\":\"https:\\\/\\\/i0.wp.com\\\/3v.cl\\\/comercial\\\/wp-content\\\/uploads\\\/2024\\\/11\\\/3v_Circular-2.jpg?fit=146%2C146&ssl=1\",\"width\":146,\"height\":146,\"caption\":\"Valenzuela y Valenzuela Ltda.\"},\"image\":{\"@id\":\"https:\\\/\\\/3v.cl\\\/comercial\\\/#\\\/schema\\\/logo\\\/image\\\/\"}}]}<\/script>\n<!-- \/ Yoast SEO plugin. -->","yoast_head_json":{"title":"Hidrolavadora GHP 180 1500W 124 bar - 3V Comercial","robots":{"index":"index","follow":"follow","max-snippet":"max-snippet:-1","max-image-preview":"max-image-preview:large","max-video-preview":"max-video-preview:-1"},"canonical":"https:\/\/3v.cl\/comercial\/hidrolavadora-ghp-180-1500w-124-bar\/","og_locale":"es_ES","og_type":"article","og_title":"Hidrolavadora GHP 180 1500W 124 bar - 3V Comercial","og_description":"Beneficios y Caracter\u00edsticas del Producto Resultados de limpieza eficientes y r\u00e1pidos mientras ahorras agua. Limpieza eficaz a alta presi\u00f3n, con consumo reducido, para ahorrar agua en comparaci\u00f3n con la limpieza manual Limpieza vers\u00e1til con aplicador de detergente, chorro ajustable y boquillas turbo giratorias incluidas El sistema de filtrado de agua doble evita que entren residuos en la m\u00e1quina para garantizar una vida \u00fatil m\u00e1s larga Adaptadores de conexi\u00f3n r\u00e1pida, almacenamiento integrado y dise\u00f1o compacto para una mayor comodidad *Imagen Referencial","og_url":"https:\/\/3v.cl\/comercial\/hidrolavadora-ghp-180-1500w-124-bar\/","og_site_name":"3V Comercial","article_modified_time":"2026-04-27T14:07:11+00:00","og_image":[{"width":300,"height":400,"url":"https:\/\/3v.cl\/comercial\/wp-content\/uploads\/2024\/12\/hidrolavadora.jpg","type":"image\/jpeg"}],"twitter_card":"summary_large_image","schema":{"@context":"https:\/\/schema.org","@graph":[{"@type":"WebPage","@id":"https:\/\/3v.cl\/comercial\/hidrolavadora-ghp-180-1500w-124-bar\/","url":"https:\/\/3v.cl\/comercial\/hidrolavadora-ghp-180-1500w-124-bar\/","name":"Hidrolavadora GHP 180 1500W 124 bar - 3V Comercial","isPartOf":{"@id":"https:\/\/3v.cl\/comercial\/#website"},"primaryImageOfPage":{"@id":"https:\/\/3v.cl\/comercial\/hidrolavadora-ghp-180-1500w-124-bar\/#primaryimage"},"image":{"@id":"https:\/\/3v.cl\/comercial\/hidrolavadora-ghp-180-1500w-124-bar\/#primaryimage"},"thumbnailUrl":"https:\/\/3v.cl\/comercial\/wp-content\/uploads\/2024\/12\/hidrolavadora.jpg","datePublished":"2024-12-27T18:02:14+00:00","dateModified":"2026-04-27T14:07:11+00:00","breadcrumb":{"@id":"https:\/\/3v.cl\/comercial\/hidrolavadora-ghp-180-1500w-124-bar\/#breadcrumb"},"inLanguage":"es","potentialAction":[{"@type":"ReadAction","target":["https:\/\/3v.cl\/comercial\/hidrolavadora-ghp-180-1500w-124-bar\/"]}]},{"@type":"ImageObject","inLanguage":"es","@id":"https:\/\/3v.cl\/comercial\/hidrolavadora-ghp-180-1500w-124-bar\/#primaryimage","url":"https:\/\/3v.cl\/comercial\/wp-content\/uploads\/2024\/12\/hidrolavadora.jpg","contentUrl":"https:\/\/3v.cl\/comercial\/wp-content\/uploads\/2024\/12\/hidrolavadora.jpg","width":300,"height":400},{"@type":"BreadcrumbList","@id":"https:\/\/3v.cl\/comercial\/hidrolavadora-ghp-180-1500w-124-bar\/#breadcrumb","itemListElement":[{"@type":"ListItem","position":1,"name":"Inicio","item":"https:\/\/3v.cl\/comercial\/"},{"@type":"ListItem","position":2,"name":"Productos","item":"https:\/\/3v.cl\/comercial\/shop\/"},{"@type":"ListItem","position":3,"name":"Herramientas","item":"https:\/\/3v.cl\/comercial\/categoria-producto\/herramientas\/"},{"@type":"ListItem","position":4,"name":"Herramientas El\u00e9ctricas","item":"https:\/\/3v.cl\/comercial\/categoria-producto\/herramientas\/herramientas-electricas\/"},{"@type":"ListItem","position":5,"name":"Hidrolavadora GHP 180 1500W 124 bar"}]},{"@type":"WebSite","@id":"https:\/\/3v.cl\/comercial\/#website","url":"https:\/\/3v.cl\/comercial\/","name":"3V Comercial","description":"Productos industriales y Miner\u00eda.","publisher":{"@id":"https:\/\/3v.cl\/comercial\/#organization"},"alternateName":"3V","potentialAction":[{"@type":"SearchAction","target":{"@type":"EntryPoint","urlTemplate":"https:\/\/3v.cl\/comercial\/?s={search_term_string}"},"query-input":{"@type":"PropertyValueSpecification","valueRequired":true,"valueName":"search_term_string"}}],"inLanguage":"es"},{"@type":"Organization","@id":"https:\/\/3v.cl\/comercial\/#organization","name":"Valenzuela y Valenzuela Ltda.","alternateName":"3V Comercial","url":"https:\/\/3v.cl\/comercial\/","logo":{"@type":"ImageObject","inLanguage":"es","@id":"https:\/\/3v.cl\/comercial\/#\/schema\/logo\/image\/","url":"https:\/\/i0.wp.com\/3v.cl\/comercial\/wp-content\/uploads\/2024\/11\/3v_Circular-2.jpg?fit=146%2C146&ssl=1","contentUrl":"https:\/\/i0.wp.com\/3v.cl\/comercial\/wp-content\/uploads\/2024\/11\/3v_Circular-2.jpg?fit=146%2C146&ssl=1","width":146,"height":146,"caption":"Valenzuela y Valenzuela Ltda."},"image":{"@id":"https:\/\/3v.cl\/comercial\/#\/schema\/logo\/image\/"}}]}},"uagb_featured_image_src":{"full":["https:\/\/3v.cl\/comercial\/wp-content\/uploads\/2024\/12\/hidrolavadora.jpg",300,400,false],"thumbnail":["https:\/\/3v.cl\/comercial\/wp-content\/uploads\/2024\/12\/hidrolavadora-150x150.jpg",150,150,true],"medium":["https:\/\/3v.cl\/comercial\/wp-content\/uploads\/2024\/12\/hidrolavadora-225x300.jpg",225,300,true],"medium_large":["https:\/\/3v.cl\/comercial\/wp-content\/uploads\/2024\/12\/hidrolavadora.jpg",300,400,false],"large":["https:\/\/3v.cl\/comercial\/wp-content\/uploads\/2024\/12\/hidrolavadora.jpg",300,400,false],"1536x1536":["https:\/\/3v.cl\/comercial\/wp-content\/uploads\/2024\/12\/hidrolavadora.jpg",300,400,false],"2048x2048":["https:\/\/3v.cl\/comercial\/wp-content\/uploads\/2024\/12\/hidrolavadora.jpg",300,400,false],"mailpoet_newsletter_max":["https:\/\/3v.cl\/comercial\/wp-content\/uploads\/2024\/12\/hidrolavadora.jpg",300,400,false],"woocommerce_thumbnail":["https:\/\/3v.cl\/comercial\/wp-content\/uploads\/2024\/12\/hidrolavadora-300x300.jpg",300,300,true],"woocommerce_single":["https:\/\/3v.cl\/comercial\/wp-content\/uploads\/2024\/12\/hidrolavadora.jpg",300,400,false],"woocommerce_gallery_thumbnail":["https:\/\/3v.cl\/comercial\/wp-content\/uploads\/2024\/12\/hidrolavadora-100x100.jpg",100,100,true],"dgwt-wcas-product-suggestion":["https:\/\/3v.cl\/comercial\/wp-content\/uploads\/2024\/12\/hidrolavadora-64x85.jpg",64,85,true]},"uagb_author_info":{"display_name":"3V","author_link":"https:\/\/3v.cl\/comercial\/author\/"},"uagb_comment_info":0,"uagb_excerpt":"Beneficios y Caracter\u00edsticas del Producto Resultados de limpieza eficientes y r\u00e1pidos mientras ahorras agua. Limpieza eficaz a alta presi\u00f3n, con consumo reducido, para ahorrar agua en comparaci\u00f3n con la limpieza manual Limpieza vers\u00e1til con aplicador de detergente, chorro ajustable y boquillas turbo giratorias incluidas El sistema de filtrado de agua doble evita que entren residuos&hellip;","_links":{"self":[{"href":"https:\/\/3v.cl\/comercial\/wp-json\/wp\/v2\/product\/10415","targetHints":{"allow":["GET"]}}],"collection":[{"href":"https:\/\/3v.cl\/comercial\/wp-json\/wp\/v2\/product"}],"about":[{"href":"https:\/\/3v.cl\/comercial\/wp-json\/wp\/v2\/types\/product"}],"replies":[{"embeddable":true,"href":"https:\/\/3v.cl\/comercial\/wp-json\/wp\/v2\/comments?post=10415"}],"wp:featuredmedia":[{"embeddable":true,"href":"https:\/\/3v.cl\/comercial\/wp-json\/wp\/v2\/media\/10267"}],"wp:attachment":[{"href":"https:\/\/3v.cl\/comercial\/wp-json\/wp\/v2\/media?parent=10415"}],"wp:term":[{"taxonomy":"product_brand","embeddable":true,"href":"https:\/\/3v.cl\/comercial\/wp-json\/wp\/v2\/product_brand?post=10415"},{"taxonomy":"product_cat","embeddable":true,"href":"https:\/\/3v.cl\/comercial\/wp-json\/wp\/v2\/product_cat?post=10415"},{"taxonomy":"product_tag","embeddable":true,"href":"https:\/\/3v.cl\/comercial\/wp-json\/wp\/v2\/product_tag?post=10415"}],"curies":[{"name":"wp","href":"https:\/\/api.w.org\/{rel}","templated":true}]}}